{"id":801,"date":"2021-05-29T15:05:35","date_gmt":"2021-05-29T18:05:35","guid":{"rendered":"https:\/\/symbol.ind.br\/br\/?page_id=801"},"modified":"2024-02-20T15:03:31","modified_gmt":"2024-02-20T18:03:31","slug":"servicos","status":"publish","type":"page","link":"https:\/\/symbol.ind.br\/br\/servicos\/","title":{"rendered":"Servi\u00e7os"},"content":{"rendered":"\t\t<div data-elementor-type=\"wp-page\" data-elementor-id=\"801\" class=\"elementor elementor-801\" data-elementor-post-type=\"page\">\n\t\t\t\t\t\t<section class=\"elementor-section elementor-top-section elementor-element elementor-element-6d5b12b6 elementor-section-boxed elementor-section-height-default elementor-section-height-default\" data-id=\"6d5b12b6\" data-element_type=\"section\" data-e-type=\"section\" data-settings=\"{&quot;background_background&quot;:&quot;classic&quot;}\">\n\t\t\t\t\t\t<div class=\"elementor-container elementor-column-gap-default\">\n\t\t\t\t\t<div class=\"elementor-column elementor-col-33 elementor-top-column elementor-element elementor-element-1d936aa6\" data-id=\"1d936aa6\" data-element_type=\"column\" data-e-type=\"column\">\n\t\t\t<div class=\"elementor-widget-wrap elementor-element-populated\">\n\t\t\t\t\t\t<div class=\"elementor-element elementor-element-7fe6b9 elementor-widget elementor-widget-image\" data-id=\"7fe6b9\" data-element_type=\"widget\" data-e-type=\"widget\" data-widget_type=\"image.default\">\n\t\t\t\t<div class=\"elementor-widget-container\">\n\t\t\t\t\t\t\t\t\t\t\t\t<figure class=\"wp-caption\">\n\t\t\t\t\t\t\t\t\t\t<img fetchpriority=\"high\" decoding=\"async\" width=\"1024\" height=\"667\" src=\"https:\/\/symbol.ind.br\/br\/wp-content\/uploads\/2022\/04\/servicos_manutencao-1024x667.jpg\" class=\"attachment-large size-large wp-image-3517\" alt=\"\" srcset=\"https:\/\/symbol.ind.br\/br\/wp-content\/uploads\/2022\/04\/servicos_manutencao-1024x667.jpg 1024w, https:\/\/symbol.ind.br\/br\/wp-content\/uploads\/2022\/04\/servicos_manutencao-300x195.jpg 300w, https:\/\/symbol.ind.br\/br\/wp-content\/uploads\/2022\/04\/servicos_manutencao-768x500.jpg 768w, https:\/\/symbol.ind.br\/br\/wp-content\/uploads\/2022\/04\/servicos_manutencao.jpg 1147w\" sizes=\"(max-width: 1024px) 100vw, 1024px\" \/>\t\t\t\t\t\t\t\t\t\t\t<figcaption class=\"widget-image-caption wp-caption-text\"><\/figcaption>\n\t\t\t\t\t\t\t\t\t\t<\/figure>\n\t\t\t\t\t\t\t\t\t<\/div>\n\t\t\t\t<\/div>\n\t\t\t\t<div class=\"elementor-element elementor-element-a6745b4 elementor-widget elementor-widget-heading\" data-id=\"a6745b4\" data-element_type=\"widget\" data-e-type=\"widget\" data-widget_type=\"heading.default\">\n\t\t\t\t<div class=\"elementor-widget-container\">\n\t\t\t\t\t<h2 class=\"elementor-heading-title elementor-size-default\">Manuten\u00e7\u00e3o de Equipamentos<\/h2>\t\t\t\t<\/div>\n\t\t\t\t<\/div>\n\t\t\t\t<div class=\"elementor-element elementor-element-531d07a9 elementor-widget elementor-widget-text-editor\" data-id=\"531d07a9\" data-element_type=\"widget\" data-e-type=\"widget\" data-widget_type=\"text-editor.default\">\n\t\t\t\t<div class=\"elementor-widget-container\">\n\t\t\t\t\t\t\t\t\t<p>Contando com uma equipe altamente qualificada, a <strong>Symbol<\/strong> presta servi\u00e7os de manuten\u00e7\u00e3o preventiva e corretiva para diversos equipamentos, atendendo todo o territ\u00f3rio brasileiro.<\/p><p>Tamb\u00e9m possui um corpo t\u00e9cnico treinado e com plena capacidade para desenvolvimento de projetos e instala\u00e7\u00e3o de sistemas de v\u00e1cuo &#8211; bem como centrais de v\u00e1cuo &#8211; com a garantia efetiva e suporte t\u00e9cnico especializado.<\/p><p>Fazemos a manuten\u00e7\u00e3o de bombas de v\u00e1cuo, seladoras a v\u00e1cuo, equipamentos de termov\u00e1cuo, motores el\u00e9tricos, sistemas de v\u00e1cuo e motobombas em geral.<\/p>\t\t\t\t\t\t\t\t<\/div>\n\t\t\t\t<\/div>\n\t\t\t\t\t<\/div>\n\t\t<\/div>\n\t\t\t\t<div class=\"elementor-column elementor-col-33 elementor-top-column elementor-element elementor-element-4fa2723\" data-id=\"4fa2723\" data-element_type=\"column\" data-e-type=\"column\">\n\t\t\t<div class=\"elementor-widget-wrap elementor-element-populated\">\n\t\t\t\t\t\t<div class=\"elementor-element elementor-element-08f3e57 elementor-widget elementor-widget-image\" data-id=\"08f3e57\" data-element_type=\"widget\" data-e-type=\"widget\" data-widget_type=\"image.default\">\n\t\t\t\t<div class=\"elementor-widget-container\">\n\t\t\t\t\t\t\t\t\t\t\t\t<figure class=\"wp-caption\">\n\t\t\t\t\t\t\t\t\t\t<img decoding=\"async\" width=\"1024\" height=\"667\" src=\"https:\/\/symbol.ind.br\/br\/wp-content\/uploads\/2022\/05\/servicos_locacao-1024x667.jpg\" class=\"attachment-large size-large wp-image-3561\" alt=\"\" srcset=\"https:\/\/symbol.ind.br\/br\/wp-content\/uploads\/2022\/05\/servicos_locacao-1024x667.jpg 1024w, https:\/\/symbol.ind.br\/br\/wp-content\/uploads\/2022\/05\/servicos_locacao-300x195.jpg 300w, https:\/\/symbol.ind.br\/br\/wp-content\/uploads\/2022\/05\/servicos_locacao-768x500.jpg 768w, https:\/\/symbol.ind.br\/br\/wp-content\/uploads\/2022\/05\/servicos_locacao.jpg 1146w\" sizes=\"(max-width: 1024px) 100vw, 1024px\" \/>\t\t\t\t\t\t\t\t\t\t\t<figcaption class=\"widget-image-caption wp-caption-text\"><\/figcaption>\n\t\t\t\t\t\t\t\t\t\t<\/figure>\n\t\t\t\t\t\t\t\t\t<\/div>\n\t\t\t\t<\/div>\n\t\t\t\t<div class=\"elementor-element elementor-element-64c0c2a elementor-widget elementor-widget-heading\" data-id=\"64c0c2a\" data-element_type=\"widget\" data-e-type=\"widget\" data-widget_type=\"heading.default\">\n\t\t\t\t<div class=\"elementor-widget-container\">\n\t\t\t\t\t<h2 class=\"elementor-heading-title elementor-size-default\">Loca\u00e7\u00e3o de Equipamentos<\/h2>\t\t\t\t<\/div>\n\t\t\t\t<\/div>\n\t\t\t\t<div class=\"elementor-element elementor-element-3e227bc elementor-widget elementor-widget-text-editor\" data-id=\"3e227bc\" data-element_type=\"widget\" data-e-type=\"widget\" data-widget_type=\"text-editor.default\">\n\t\t\t\t<div class=\"elementor-widget-container\">\n\t\t\t\t\t\t\t\t\t<p>Oferecemos tamb\u00e9m o servi\u00e7o de loca\u00e7\u00e3o de equipamentos, com abrang\u00eancia para todo o territ\u00f3rio nacional e alguns pa\u00edses do Mercosul.<\/p><p>S\u00e3o equipamentos com garantia <strong>Symbol<\/strong> e cobertos por nossa assist\u00eancia t\u00e9cnica permanente.<\/p><p>Locamos bombas de v\u00e1cuo, seladoras a v\u00e1cuo, equipamentos de termov\u00e1cuo, motores el\u00e9tricos, sistemas de v\u00e1cuo e motobombas em geral.<\/p>\t\t\t\t\t\t\t\t<\/div>\n\t\t\t\t<\/div>\n\t\t\t\t\t<\/div>\n\t\t<\/div>\n\t\t\t\t<div class=\"elementor-column elementor-col-33 elementor-top-column elementor-element elementor-element-ff4f2c6\" data-id=\"ff4f2c6\" data-element_type=\"column\" data-e-type=\"column\">\n\t\t\t<div class=\"elementor-widget-wrap elementor-element-populated\">\n\t\t\t\t\t\t<div class=\"elementor-element elementor-element-78d5ba4 elementor-widget elementor-widget-image\" data-id=\"78d5ba4\" data-element_type=\"widget\" data-e-type=\"widget\" data-widget_type=\"image.default\">\n\t\t\t\t<div class=\"elementor-widget-container\">\n\t\t\t\t\t\t\t\t\t\t\t\t<figure class=\"wp-caption\">\n\t\t\t\t\t\t\t\t\t\t<img decoding=\"async\" width=\"1024\" height=\"667\" src=\"https:\/\/symbol.ind.br\/br\/wp-content\/uploads\/2022\/04\/servicos_metalizacao-1024x667.jpg\" class=\"attachment-large size-large wp-image-3518\" alt=\"\" srcset=\"https:\/\/symbol.ind.br\/br\/wp-content\/uploads\/2022\/04\/servicos_metalizacao-1024x667.jpg 1024w, https:\/\/symbol.ind.br\/br\/wp-content\/uploads\/2022\/04\/servicos_metalizacao-300x195.jpg 300w, https:\/\/symbol.ind.br\/br\/wp-content\/uploads\/2022\/04\/servicos_metalizacao-768x500.jpg 768w, https:\/\/symbol.ind.br\/br\/wp-content\/uploads\/2022\/04\/servicos_metalizacao.jpg 1147w\" sizes=\"(max-width: 1024px) 100vw, 1024px\" \/>\t\t\t\t\t\t\t\t\t\t\t<figcaption class=\"widget-image-caption wp-caption-text\"><\/figcaption>\n\t\t\t\t\t\t\t\t\t\t<\/figure>\n\t\t\t\t\t\t\t\t\t<\/div>\n\t\t\t\t<\/div>\n\t\t\t\t<div class=\"elementor-element elementor-element-ca3995d elementor-widget elementor-widget-heading\" data-id=\"ca3995d\" data-element_type=\"widget\" data-e-type=\"widget\" data-widget_type=\"heading.default\">\n\t\t\t\t<div class=\"elementor-widget-container\">\n\t\t\t\t\t<h2 class=\"elementor-heading-title elementor-size-default\">Processo de Metaliza\u00e7\u00e3o<\/h2>\t\t\t\t<\/div>\n\t\t\t\t<\/div>\n\t\t\t\t<div class=\"elementor-element elementor-element-88a4fa6 elementor-widget elementor-widget-text-editor\" data-id=\"88a4fa6\" data-element_type=\"widget\" data-e-type=\"widget\" data-widget_type=\"text-editor.default\">\n\t\t\t\t<div class=\"elementor-widget-container\">\n\t\t\t\t\t\t\t\t\t<p>Tamb\u00e9m prestamos servi\u00e7os de metaliza\u00e7\u00e3o &#8211; um processo de revestimento no qual metais fundidos s\u00e3o pulverizados em outras superf\u00edcies &#8211; com tecnologia pr\u00f3pria, atendendo clientes de diversos setores, como automotivo (far\u00f3is, calotas, rodas, ma\u00e7anetas, etc), moveleiro (puxadores, p\u00e9s de sof\u00e1s, etc), cosm\u00e9tico (tampas de perfumes, bijuterias, saltos de sapatos, ornamentos, etc) e constru\u00e7\u00e3o civil (fechaduras, chuveiros, torneiras, sif\u00f5es, etc).<\/p><p>Contate nosso Departamento Comercial e solicite maiores informa\u00e7\u00f5es.<\/p>\t\t\t\t\t\t\t\t<\/div>\n\t\t\t\t<\/div>\n\t\t\t\t\t<\/div>\n\t\t<\/div>\n\t\t\t\t\t<\/div>\n\t\t<\/section>\n\t\t\t\t<section class=\"elementor-section elementor-top-section elementor-element elementor-element-2540f319 elementor-section-boxed elementor-section-height-default elementor-section-height-default\" data-id=\"2540f319\" data-element_type=\"section\" data-e-type=\"section\">\n\t\t\t\t\t\t<div class=\"elementor-container elementor-column-gap-no\">\n\t\t\t\t\t<div class=\"elementor-column elementor-col-25 elementor-top-column elementor-element elementor-element-196be426\" data-id=\"196be426\" data-element_type=\"column\" data-e-type=\"column\">\n\t\t\t<div class=\"elementor-widget-wrap elementor-element-populated\">\n\t\t\t\t\t\t<div class=\"elementor-element elementor-element-ad755bd elementor-invisible elementor-widget elementor-widget-image\" data-id=\"ad755bd\" data-element_type=\"widget\" data-e-type=\"widget\" data-settings=\"{&quot;_animation&quot;:&quot;fadeIn&quot;,&quot;_animation_mobile&quot;:&quot;fadeIn&quot;}\" data-widget_type=\"image.default\">\n\t\t\t\t<div class=\"elementor-widget-container\">\n\t\t\t\t\t\t\t\t\t\t\t\t\t\t\t<img loading=\"lazy\" decoding=\"async\" width=\"880\" height=\"321\" src=\"https:\/\/symbol.ind.br\/br\/wp-content\/uploads\/2022\/04\/servicos_tarjeta_1.jpg\" class=\"attachment-large size-large wp-image-3512\" alt=\"\" srcset=\"https:\/\/symbol.ind.br\/br\/wp-content\/uploads\/2022\/04\/servicos_tarjeta_1.jpg 880w, https:\/\/symbol.ind.br\/br\/wp-content\/uploads\/2022\/04\/servicos_tarjeta_1-300x109.jpg 300w, https:\/\/symbol.ind.br\/br\/wp-content\/uploads\/2022\/04\/servicos_tarjeta_1-768x280.jpg 768w\" sizes=\"(max-width: 880px) 100vw, 880px\" \/>\t\t\t\t\t\t\t\t\t\t\t\t\t\t\t<\/div>\n\t\t\t\t<\/div>\n\t\t\t\t\t<\/div>\n\t\t<\/div>\n\t\t\t\t<div class=\"elementor-column elementor-col-25 elementor-top-column elementor-element elementor-element-3f669f5\" data-id=\"3f669f5\" data-element_type=\"column\" data-e-type=\"column\">\n\t\t\t<div class=\"elementor-widget-wrap elementor-element-populated\">\n\t\t\t\t\t\t<div class=\"elementor-element elementor-element-ff1bbf5 elementor-invisible elementor-widget elementor-widget-image\" data-id=\"ff1bbf5\" data-element_type=\"widget\" data-e-type=\"widget\" data-settings=\"{&quot;_animation&quot;:&quot;fadeIn&quot;,&quot;_animation_delay&quot;:800,&quot;_animation_mobile&quot;:&quot;fadeIn&quot;}\" data-widget_type=\"image.default\">\n\t\t\t\t<div class=\"elementor-widget-container\">\n\t\t\t\t\t\t\t\t\t\t\t\t\t\t\t<img loading=\"lazy\" decoding=\"async\" width=\"880\" height=\"321\" src=\"https:\/\/symbol.ind.br\/br\/wp-content\/uploads\/2022\/04\/servicos_tarjeta_2.jpg\" class=\"attachment-large size-large wp-image-3513\" alt=\"\" srcset=\"https:\/\/symbol.ind.br\/br\/wp-content\/uploads\/2022\/04\/servicos_tarjeta_2.jpg 880w, https:\/\/symbol.ind.br\/br\/wp-content\/uploads\/2022\/04\/servicos_tarjeta_2-300x109.jpg 300w, https:\/\/symbol.ind.br\/br\/wp-content\/uploads\/2022\/04\/servicos_tarjeta_2-768x280.jpg 768w\" sizes=\"(max-width: 880px) 100vw, 880px\" \/>\t\t\t\t\t\t\t\t\t\t\t\t\t\t\t<\/div>\n\t\t\t\t<\/div>\n\t\t\t\t\t<\/div>\n\t\t<\/div>\n\t\t\t\t<div class=\"elementor-column elementor-col-25 elementor-top-column elementor-element elementor-element-70be9bb\" data-id=\"70be9bb\" data-element_type=\"column\" data-e-type=\"column\">\n\t\t\t<div class=\"elementor-widget-wrap elementor-element-populated\">\n\t\t\t\t\t\t<div class=\"elementor-element elementor-element-ce1b75a elementor-invisible elementor-widget elementor-widget-image\" data-id=\"ce1b75a\" data-element_type=\"widget\" data-e-type=\"widget\" data-settings=\"{&quot;_animation&quot;:&quot;fadeIn&quot;,&quot;_animation_delay&quot;:1600,&quot;_animation_mobile&quot;:&quot;fadeIn&quot;}\" data-widget_type=\"image.default\">\n\t\t\t\t<div class=\"elementor-widget-container\">\n\t\t\t\t\t\t\t\t\t\t\t\t\t\t\t<img loading=\"lazy\" decoding=\"async\" width=\"880\" height=\"321\" src=\"https:\/\/symbol.ind.br\/br\/wp-content\/uploads\/2022\/04\/servicos_tarjeta_3.jpg\" class=\"attachment-large size-large wp-image-3514\" alt=\"\" srcset=\"https:\/\/symbol.ind.br\/br\/wp-content\/uploads\/2022\/04\/servicos_tarjeta_3.jpg 880w, https:\/\/symbol.ind.br\/br\/wp-content\/uploads\/2022\/04\/servicos_tarjeta_3-300x109.jpg 300w, https:\/\/symbol.ind.br\/br\/wp-content\/uploads\/2022\/04\/servicos_tarjeta_3-768x280.jpg 768w\" sizes=\"(max-width: 880px) 100vw, 880px\" \/>\t\t\t\t\t\t\t\t\t\t\t\t\t\t\t<\/div>\n\t\t\t\t<\/div>\n\t\t\t\t\t<\/div>\n\t\t<\/div>\n\t\t\t\t<div class=\"elementor-column elementor-col-25 elementor-top-column elementor-element elementor-element-2b28c35\" data-id=\"2b28c35\" data-element_type=\"column\" data-e-type=\"column\">\n\t\t\t<div class=\"elementor-widget-wrap elementor-element-populated\">\n\t\t\t\t\t\t<div class=\"elementor-element elementor-element-d202c72 elementor-invisible elementor-widget elementor-widget-image\" data-id=\"d202c72\" data-element_type=\"widget\" data-e-type=\"widget\" data-settings=\"{&quot;_animation&quot;:&quot;fadeIn&quot;,&quot;_animation_delay&quot;:2400,&quot;_animation_mobile&quot;:&quot;fadeIn&quot;}\" data-widget_type=\"image.default\">\n\t\t\t\t<div class=\"elementor-widget-container\">\n\t\t\t\t\t\t\t\t\t\t\t\t\t\t\t<img loading=\"lazy\" decoding=\"async\" width=\"880\" height=\"321\" src=\"https:\/\/symbol.ind.br\/br\/wp-content\/uploads\/2022\/04\/servicos_tarjeta_4.jpg\" class=\"attachment-large size-large wp-image-3515\" alt=\"\" srcset=\"https:\/\/symbol.ind.br\/br\/wp-content\/uploads\/2022\/04\/servicos_tarjeta_4.jpg 880w, https:\/\/symbol.ind.br\/br\/wp-content\/uploads\/2022\/04\/servicos_tarjeta_4-300x109.jpg 300w, https:\/\/symbol.ind.br\/br\/wp-content\/uploads\/2022\/04\/servicos_tarjeta_4-768x280.jpg 768w\" sizes=\"(max-width: 880px) 100vw, 880px\" \/>\t\t\t\t\t\t\t\t\t\t\t\t\t\t\t<\/div>\n\t\t\t\t<\/div>\n\t\t\t\t\t<\/div>\n\t\t<\/div>\n\t\t\t\t\t<\/div>\n\t\t<\/section>\n\t\t\t\t<section class=\"elementor-section elementor-top-section elementor-element elementor-element-6c5785c3 elementor-section-boxed elementor-section-height-default elementor-section-height-default\" data-id=\"6c5785c3\" data-element_type=\"section\" data-e-type=\"section\" id=\"#topo\">\n\t\t\t\t\t\t<div class=\"elementor-container elementor-column-gap-default\">\n\t\t\t\t\t<div class=\"elementor-column elementor-col-100 elementor-top-column elementor-element elementor-element-5691783f\" data-id=\"5691783f\" data-element_type=\"column\" data-e-type=\"column\">\n\t\t\t<div class=\"elementor-widget-wrap elementor-element-populated\">\n\t\t\t\t\t\t<div class=\"elementor-element elementor-element-33ee53c7 elementor-align-center elementor-widget elementor-widget-button\" data-id=\"33ee53c7\" data-element_type=\"widget\" data-e-type=\"widget\" data-widget_type=\"button.default\">\n\t\t\t\t<div class=\"elementor-widget-container\">\n\t\t\t\t\t\t\t\t\t<div class=\"elementor-button-wrapper\">\n\t\t\t\t\t<a class=\"elementor-button elementor-button-link elementor-size-xs\" href=\"#topo\">\n\t\t\t\t\t\t<span class=\"elementor-button-content-wrapper\">\n\t\t\t\t\t\t<span class=\"elementor-button-icon\">\n\t\t\t\t<i aria-hidden=\"true\" class=\"far fa-arrow-alt-circle-up\"><\/i>\t\t\t<\/span>\n\t\t\t\t\t\t\t\t\t<span class=\"elementor-button-text\">Voltar ao topo<\/span>\n\t\t\t\t\t<\/span>\n\t\t\t\t\t<\/a>\n\t\t\t\t<\/div>\n\t\t\t\t\t\t\t\t<\/div>\n\t\t\t\t<\/div>\n\t\t\t\t\t<\/div>\n\t\t<\/div>\n\t\t\t\t\t<\/div>\n\t\t<\/section>\n\t\t\t\t<\/div>\n\t\t","protected":false},"excerpt":{"rendered":"<p>Manuten\u00e7\u00e3o de Equipamentos Contando com uma equipe altamente qualificada, a Symbol presta servi\u00e7os de manuten\u00e7\u00e3o preventiva e corretiva para diversos equipamentos, atendendo todo o territ\u00f3rio brasileiro. Tamb\u00e9m possui um corpo t\u00e9cnico treinado e com plena capacidade para desenvolvimento de projetos e instala\u00e7\u00e3o de sistemas de v\u00e1cuo &#8211; bem como centrais de v\u00e1cuo &#8211; com a [&hellip;]<\/p>\n","protected":false},"author":1,"featured_media":17,"parent":0,"menu_order":0,"comment_status":"closed","ping_status":"closed","template":"elementor_header_footer","meta":{"footnotes":""},"class_list":["post-801","page","type-page","status-publish","has-post-thumbnail","hentry","entry","has-media"],"_links":{"self":[{"href":"https:\/\/symbol.ind.br\/br\/wp-json\/wp\/v2\/pages\/801","targetHints":{"allow":["GET"]}}],"collection":[{"href":"https:\/\/symbol.ind.br\/br\/wp-json\/wp\/v2\/pages"}],"about":[{"href":"https:\/\/symbol.ind.br\/br\/wp-json\/wp\/v2\/types\/page"}],"author":[{"embeddable":true,"href":"https:\/\/symbol.ind.br\/br\/wp-json\/wp\/v2\/users\/1"}],"replies":[{"embeddable":true,"href":"https:\/\/symbol.ind.br\/br\/wp-json\/wp\/v2\/comments?post=801"}],"version-history":[{"count":268,"href":"https:\/\/symbol.ind.br\/br\/wp-json\/wp\/v2\/pages\/801\/revisions"}],"predecessor-version":[{"id":4095,"href":"https:\/\/symbol.ind.br\/br\/wp-json\/wp\/v2\/pages\/801\/revisions\/4095"}],"wp:featuredmedia":[{"embeddable":true,"href":"https:\/\/symbol.ind.br\/br\/wp-json\/wp\/v2\/media\/17"}],"wp:attachment":[{"href":"https:\/\/symbol.ind.br\/br\/wp-json\/wp\/v2\/media?parent=801"}],"curies":[{"name":"wp","href":"https:\/\/api.w.org\/{rel}","templated":true}]}}