{"id":514,"date":"2021-05-26T19:46:38","date_gmt":"2021-05-26T22:46:38","guid":{"rendered":"https:\/\/symbol.ind.br\/br\/?page_id=514"},"modified":"2026-04-08T15:46:59","modified_gmt":"2026-04-08T18:46:59","slug":"empresa","status":"publish","type":"page","link":"https:\/\/symbol.ind.br\/br\/empresa\/","title":{"rendered":"Empresa"},"content":{"rendered":"\t\t<div data-elementor-type=\"wp-page\" data-elementor-id=\"514\" class=\"elementor elementor-514\" data-elementor-post-type=\"page\">\n\t\t\t\t\t\t<section class=\"elementor-section elementor-top-section elementor-element elementor-element-630f12d0 elementor-section-boxed elementor-section-height-default elementor-section-height-default\" data-id=\"630f12d0\" data-element_type=\"section\" data-e-type=\"section\" data-settings=\"{&quot;background_background&quot;:&quot;classic&quot;}\">\n\t\t\t\t\t\t<div class=\"elementor-container elementor-column-gap-default\">\n\t\t\t\t\t<div class=\"elementor-column elementor-col-50 elementor-top-column elementor-element elementor-element-7911dc4\" data-id=\"7911dc4\" data-element_type=\"column\" data-e-type=\"column\">\n\t\t\t<div class=\"elementor-widget-wrap elementor-element-populated\">\n\t\t\t\t\t\t<div class=\"elementor-element elementor-element-d390585 elementor-widget elementor-widget-image\" data-id=\"d390585\" data-element_type=\"widget\" data-e-type=\"widget\" data-widget_type=\"image.default\">\n\t\t\t\t<div class=\"elementor-widget-container\">\n\t\t\t\t\t\t\t\t\t\t\t\t<figure class=\"wp-caption\">\n\t\t\t\t\t\t\t\t\t\t<img fetchpriority=\"high\" decoding=\"async\" width=\"1024\" height=\"576\" src=\"https:\/\/symbol.ind.br\/br\/wp-content\/uploads\/2026\/03\/company_2-1024x576.jpeg\" class=\"attachment-large size-large wp-image-4279\" alt=\"\" srcset=\"https:\/\/symbol.ind.br\/br\/wp-content\/uploads\/2026\/03\/company_2-1024x576.jpeg 1024w, https:\/\/symbol.ind.br\/br\/wp-content\/uploads\/2026\/03\/company_2-300x169.jpeg 300w, https:\/\/symbol.ind.br\/br\/wp-content\/uploads\/2026\/03\/company_2-768x432.jpeg 768w, https:\/\/symbol.ind.br\/br\/wp-content\/uploads\/2026\/03\/company_2-1536x864.jpeg 1536w, https:\/\/symbol.ind.br\/br\/wp-content\/uploads\/2026\/03\/company_2-800x450.jpeg 800w, https:\/\/symbol.ind.br\/br\/wp-content\/uploads\/2026\/03\/company_2.jpeg 1600w\" sizes=\"(max-width: 1024px) 100vw, 1024px\" \/>\t\t\t\t\t\t\t\t\t\t\t<figcaption class=\"widget-image-caption wp-caption-text\"><\/figcaption>\n\t\t\t\t\t\t\t\t\t\t<\/figure>\n\t\t\t\t\t\t\t\t\t<\/div>\n\t\t\t\t<\/div>\n\t\t\t\t\t<\/div>\n\t\t<\/div>\n\t\t\t\t<div class=\"elementor-column elementor-col-50 elementor-top-column elementor-element elementor-element-bb73f03\" data-id=\"bb73f03\" data-element_type=\"column\" data-e-type=\"column\">\n\t\t\t<div class=\"elementor-widget-wrap elementor-element-populated\">\n\t\t\t\t\t\t<div class=\"elementor-element elementor-element-33f932e elementor-widget elementor-widget-image\" data-id=\"33f932e\" data-element_type=\"widget\" data-e-type=\"widget\" data-widget_type=\"image.default\">\n\t\t\t\t<div class=\"elementor-widget-container\">\n\t\t\t\t\t\t\t\t\t\t\t\t<figure class=\"wp-caption\">\n\t\t\t\t\t\t\t\t\t\t<img decoding=\"async\" width=\"855\" height=\"454\" src=\"https:\/\/symbol.ind.br\/br\/wp-content\/uploads\/2021\/05\/empresa_detalhe.png\" class=\"attachment-large size-large wp-image-520\" alt=\"\" srcset=\"https:\/\/symbol.ind.br\/br\/wp-content\/uploads\/2021\/05\/empresa_detalhe.png 855w, https:\/\/symbol.ind.br\/br\/wp-content\/uploads\/2021\/05\/empresa_detalhe-300x159.png 300w, https:\/\/symbol.ind.br\/br\/wp-content\/uploads\/2021\/05\/empresa_detalhe-768x408.png 768w\" sizes=\"(max-width: 855px) 100vw, 855px\" \/>\t\t\t\t\t\t\t\t\t\t\t<figcaption class=\"widget-image-caption wp-caption-text\">Linha de montagem de bombas de alto v\u00e1cuo.<\/figcaption>\n\t\t\t\t\t\t\t\t\t\t<\/figure>\n\t\t\t\t\t\t\t\t\t<\/div>\n\t\t\t\t<\/div>\n\t\t\t\t\t<\/div>\n\t\t<\/div>\n\t\t\t\t\t<\/div>\n\t\t<\/section>\n\t\t\t\t<section class=\"elementor-section elementor-top-section elementor-element elementor-element-465da65 elementor-section-boxed elementor-section-height-default elementor-section-height-default\" data-id=\"465da65\" data-element_type=\"section\" data-e-type=\"section\">\n\t\t\t\t\t\t<div class=\"elementor-container elementor-column-gap-default\">\n\t\t\t\t\t<div class=\"elementor-column elementor-col-100 elementor-top-column elementor-element elementor-element-c43310c\" data-id=\"c43310c\" data-element_type=\"column\" data-e-type=\"column\">\n\t\t\t<div class=\"elementor-widget-wrap elementor-element-populated\">\n\t\t\t\t\t\t<div class=\"elementor-element elementor-element-d87557f elementor-widget elementor-widget-text-editor\" data-id=\"d87557f\" data-element_type=\"widget\" data-e-type=\"widget\" data-widget_type=\"text-editor.default\">\n\t\t\t\t<div class=\"elementor-widget-container\">\n\t\t\t\t\t\t\t\t\t<p>Com mais de 40 anos de experi\u00eancia e mercado, a hist\u00f3ria da <strong>SYMBOL TECNOLOGIA DE V\u00c1CUO<\/strong> come\u00e7ou muito antes de sua funda\u00e7\u00e3o, mais precisamente em 1978!<\/p><p>Nosso fundador, <em>Manuel Correia Lameira<\/em>,\u00a0 iniciou os trabalhos sobre tecnologia de v\u00e1cuo ao ser\u00a0 convidado para implantar o departamento de vendas da extinta <strong>HF-V\u00c1CUO<\/strong>, ent\u00e3o em in\u00edcio de desenvolvimento de bombas de alto v\u00e1cuo\u00a0 &#8211; pelo sistema de\u00a0 \u2018pist\u00f5es oscilantes\u2019 &#8211;\u00a0 totalmente nacionais, para suprir o mercado\u00a0 que estava crescendo e dependia, apenas, de importa\u00e7\u00f5es desses equipamentos.<\/p><p>Em 1984 e atendendo a crescente procura para manuten\u00e7\u00e3o e assist\u00eancia t\u00e9cnica de bombas importadas, foi fundada a\u00a0 <strong>SERVITESP \u2013 Servi\u00e7os T\u00e9cnicos Especializados Ltda.<\/strong> Essa empresa passou a recuperar grande quantidade de bombas de v\u00e1cuo, das mais diversas origens e marcas, atendendo em plenitude \u00e0 demanda!<\/p><p>No in\u00edcio da d\u00e9cada de 90, foi fundada a empresa <strong>STEL<\/strong> para iniciar a produ\u00e7\u00e3o nacional de bombas de alto v\u00e1cuo, de palhetas rotativas em banho de \u00f3leo, tendo em vista a necessidade crescente no mercado por tecnologia nacional, muito utilizadas no campo da refrigera\u00e7\u00e3o, baseadas em seu peso reduzido e facilidade de transporte. Essa etapa se iniciou com pleno \u00eaxito, pois a car\u00eancia do mercado por equipamentos de qualidade fazia-nos produzir com alta quantidade e tudo o que produzia era vendido de imediato.<\/p><p>A \u00e9poca de grande instabilidade econ\u00f4mica que se deu na d\u00e9cada nos permeou de muita luta, infla\u00e7\u00e3o galopante e v\u00e1rias reformas monet\u00e1rias, planos econ\u00f4micos adotados, plano Ver\u00e3o, plano Bresser, plano Cruzado, congelamento de pre\u00e7os, uma d\u00e9cada econ\u00f4mica perdida, a <strong>STEL<\/strong> foi obrigada a encerrar as atividades, \u00a0mas nem por isso desistimos do Brasil!<\/p><p>Atendendo ao pedido\u00a0 de nossos clientes,\u00a0 reiniciamos o projeto e fabrica\u00e7\u00e3o de bombas de v\u00e1cuo, palhetas rotativas em banho de \u00f3leo,\u00a0 por volta de 1992 e, no ano de 1993, abrimos oficialmente a\u00a0 <strong>SYMBOL TECNOLOGIA DE V\u00c1CUO LTDA.<\/strong>,\u00a0 onde SYMBOL\u00a0 &#8211; S\u00cdMBOLO, em portugu\u00eas &#8211; representado pela coluna graduada com sua bacia contendo merc\u00fario na parte inferior, lembrando o experimento de Evangelista Torricelli (1608-1647), sendo esta a sua logomarca oficial desde sua funda\u00e7\u00e3o e sofrendo poucas altera\u00e7\u00f5es desde ent\u00e3o, mas permanecendo com a sua ess\u00eancia original at\u00e9 os dias de hoje, mas j\u00e1 com a inclus\u00e3o do verde amarelo \u00e0 logomarca, <em><strong>evidenciando essa paix\u00e3o pelo Brasil!<\/strong><\/em><\/p><p>Estrategicamente localizada pr\u00f3ximo ao km 104 da Rodovia Anhanguera, em Sumar\u00e9 (SP), e com f\u00e1cil acesso \u00e0s principais rodovias do Estado de S\u00e3o Paulo, ao porto de Santos e tamb\u00e9m ao Aeroporto Internacional de Viracopos, oferece o que h\u00e1 de melhor em equipamentos de v\u00e1cuo, fabricados com tecnologia 100% brasileira e com alto padr\u00e3o de qualidade, atendendo \u00e0 mais rigorosa inspe\u00e7\u00e3o do mercado: <strong>O CLIENTE.<\/strong><\/p><p>Sendo assim, desenvolvemos equipamentos que atendem plenamente aos processos a que se destinam, visando qualidade, menor custo, menor \u00edndice de manuten\u00e7\u00e3o e grande robustez, superando a grande maioria dos equipamentos similares importados. Com isso, temos fornecido equipamentos para todo o Brasil e tamb\u00e9m com casos de exporta\u00e7\u00e3o para Mercosul e alguns pa\u00edses do continente africano, como Angola, \u00c1frica do Sul e Congo.<\/p><p>Por possuir tecnologia pr\u00f3pria, a <strong>SYMBOL<\/strong> consegue desenvolver solu\u00e7\u00f5es e produtos atendendo \u00e0s normas, aos rigorosos processos de controle de qualidade e \u00e0s peculiaridades de cada cliente ou aplica\u00e7\u00e3o. Atrav\u00e9s de seus profissionais qualificados, de suas oficinas e equipamentos, oferece servi\u00e7os especializados e de manuten\u00e7\u00e3o de equipamentos de sua fabrica\u00e7\u00e3o ou de outros, com a garantia <strong>SYMBOL<\/strong>.<\/p><p>Sua linha de produtos e servi\u00e7os abrange: servi\u00e7os de metaliza\u00e7\u00e3o (deposi\u00e7\u00e3o de alum\u00ednio em alto v\u00e1cuo), consultorias, projetos, avalia\u00e7\u00e3o, implanta\u00e7\u00e3o e manuten\u00e7\u00e3o de sistemas de v\u00e1cuo; desenvolvimento de projetos especiais para solu\u00e7\u00f5es de variados\u00a0 processos industriais; bombas de alto v\u00e1cuo, equipamentos de termov\u00e1cuo &#8211; filtra\u00e7\u00e3o e tratamento de \u00f3leos isolantes; seladoras (embalagem a v\u00e1cuo);\u00a0 vacu\u00f4metros eletr\u00f4nicos e centrais de v\u00e1cuo para as mais diversas aplica\u00e7\u00f5es; tratamento de fluidos lubrificantes e hidr\u00e1ulicos; loca\u00e7\u00e3o de equipamentos;\u00a0 comercializa\u00e7\u00e3o tamb\u00e9m de motores el\u00e9tricos e bombas d\u2019\u00e1gua em geral, \u00a0entre outros equipamentos<\/p><p>A <strong>SYMBOL<\/strong> possui mais de 15.000 clientes em todo o territ\u00f3rio nacional,\u00a0 Mercosul e Continente Africano. Essa \u00e9 a filosofia de trabalho da <strong>SYMBOL TECNOLOGIA DE V\u00c1CUO<\/strong>, certificada junto ao mercado por sua tradi\u00e7\u00e3o e grande expertise.<\/p><p>Venha fazer uma visita em nossa f\u00e1brica e veja de perto o jeito <strong>SYMBOL<\/strong> de inovar. <strong>SYMBOL: V\u00c1CUO GERADO COM TECNOLOGIA.<\/strong> O cafezinho \u00e9 por nossa conta!<\/p>\t\t\t\t\t\t\t\t<\/div>\n\t\t\t\t<\/div>\n\t\t\t\t\t<\/div>\n\t\t<\/div>\n\t\t\t\t\t<\/div>\n\t\t<\/section>\n\t\t\t\t<section class=\"elementor-section elementor-top-section elementor-element elementor-element-57c7bb9 elementor-section-boxed elementor-section-height-default elementor-section-height-default\" data-id=\"57c7bb9\" data-element_type=\"section\" data-e-type=\"section\">\n\t\t\t\t\t\t<div class=\"elementor-container elementor-column-gap-default\">\n\t\t\t\t\t<div class=\"elementor-column elementor-col-100 elementor-top-column elementor-element elementor-element-4575798\" data-id=\"4575798\" data-element_type=\"column\" data-e-type=\"column\">\n\t\t\t<div class=\"elementor-widget-wrap elementor-element-populated\">\n\t\t\t\t\t\t<div class=\"elementor-element elementor-element-24867f9 elementor-align-center elementor-widget elementor-widget-button\" data-id=\"24867f9\" data-element_type=\"widget\" data-e-type=\"widget\" data-widget_type=\"button.default\">\n\t\t\t\t<div class=\"elementor-widget-container\">\n\t\t\t\t\t\t\t\t\t<div class=\"elementor-button-wrapper\">\n\t\t\t\t\t<a class=\"elementor-button elementor-button-link elementor-size-xs\" href=\"#topo\">\n\t\t\t\t\t\t<span class=\"elementor-button-content-wrapper\">\n\t\t\t\t\t\t<span class=\"elementor-button-icon\">\n\t\t\t\t<i aria-hidden=\"true\" class=\"far fa-arrow-alt-circle-up\"><\/i>\t\t\t<\/span>\n\t\t\t\t\t\t\t\t\t<span class=\"elementor-button-text\">Voltar ao topo<\/span>\n\t\t\t\t\t<\/span>\n\t\t\t\t\t<\/a>\n\t\t\t\t<\/div>\n\t\t\t\t\t\t\t\t<\/div>\n\t\t\t\t<\/div>\n\t\t\t\t\t<\/div>\n\t\t<\/div>\n\t\t\t\t\t<\/div>\n\t\t<\/section>\n\t\t\t\t<\/div>\n\t\t","protected":false},"excerpt":{"rendered":"<p>Linha de montagem de bombas de alto v\u00e1cuo. Com mais de 40 anos de experi\u00eancia e mercado, a hist\u00f3ria da SYMBOL TECNOLOGIA DE V\u00c1CUO come\u00e7ou muito antes de sua funda\u00e7\u00e3o, mais precisamente em 1978! Nosso fundador, Manuel Correia Lameira,\u00a0 iniciou os trabalhos sobre tecnologia de v\u00e1cuo ao ser\u00a0 convidado para implantar o departamento de vendas [&hellip;]<\/p>\n","protected":false},"author":1,"featured_media":17,"parent":0,"menu_order":0,"comment_status":"closed","ping_status":"closed","template":"elementor_header_footer","meta":{"footnotes":""},"class_list":["post-514","page","type-page","status-publish","has-post-thumbnail","hentry","entry","has-media"],"_links":{"self":[{"href":"https:\/\/symbol.ind.br\/br\/wp-json\/wp\/v2\/pages\/514","targetHints":{"allow":["GET"]}}],"collection":[{"href":"https:\/\/symbol.ind.br\/br\/wp-json\/wp\/v2\/pages"}],"about":[{"href":"https:\/\/symbol.ind.br\/br\/wp-json\/wp\/v2\/types\/page"}],"author":[{"embeddable":true,"href":"https:\/\/symbol.ind.br\/br\/wp-json\/wp\/v2\/users\/1"}],"replies":[{"embeddable":true,"href":"https:\/\/symbol.ind.br\/br\/wp-json\/wp\/v2\/comments?post=514"}],"version-history":[{"count":326,"href":"https:\/\/symbol.ind.br\/br\/wp-json\/wp\/v2\/pages\/514\/revisions"}],"predecessor-version":[{"id":4397,"href":"https:\/\/symbol.ind.br\/br\/wp-json\/wp\/v2\/pages\/514\/revisions\/4397"}],"wp:featuredmedia":[{"embeddable":true,"href":"https:\/\/symbol.ind.br\/br\/wp-json\/wp\/v2\/media\/17"}],"wp:attachment":[{"href":"https:\/\/symbol.ind.br\/br\/wp-json\/wp\/v2\/media?parent=514"}],"curies":[{"name":"wp","href":"https:\/\/api.w.org\/{rel}","templated":true}]}}