{"id":2516,"date":"2021-08-15T10:59:37","date_gmt":"2021-08-15T13:59:37","guid":{"rendered":"https:\/\/symbol.ind.br\/br\/?page_id=2516"},"modified":"2024-02-20T14:59:40","modified_gmt":"2024-02-20T17:59:40","slug":"produtos_acessorios","status":"publish","type":"page","link":"https:\/\/symbol.ind.br\/br\/produtos_acessorios\/","title":{"rendered":"Produtos_acessorios"},"content":{"rendered":"\t\t<div data-elementor-type=\"wp-page\" data-elementor-id=\"2516\" class=\"elementor elementor-2516\" data-elementor-post-type=\"page\">\n\t\t\t\t\t\t<section class=\"elementor-section elementor-top-section elementor-element elementor-element-6f28ea00 elementor-section-boxed elementor-section-height-default elementor-section-height-default\" data-id=\"6f28ea00\" data-element_type=\"section\" data-e-type=\"section\">\n\t\t\t\t\t\t<div class=\"elementor-container elementor-column-gap-default\">\n\t\t\t\t\t<div class=\"elementor-column elementor-col-100 elementor-top-column elementor-element elementor-element-54215ac4\" data-id=\"54215ac4\" data-element_type=\"column\" data-e-type=\"column\">\n\t\t\t<div class=\"elementor-widget-wrap elementor-element-populated\">\n\t\t\t\t\t\t<div class=\"elementor-element elementor-element-55f8b754 elementor-widget elementor-widget-text-editor\" data-id=\"55f8b754\" data-element_type=\"widget\" data-e-type=\"widget\" data-widget_type=\"text-editor.default\">\n\t\t\t\t<div class=\"elementor-widget-container\">\n\t\t\t\t\t\t\t\t\t<p>A <strong>Symbol<\/strong> oferece uma extensa gama de acess\u00f3rios originais compat\u00edveis com todos os equipamentos fabricados e vendidos sob sua marca. Entre em contato com nossos consultores para solicitar maiores informa\u00e7\u00f5es. Ser\u00e1 um prazer atend\u00ea-lo!<\/p>\t\t\t\t\t\t\t\t<\/div>\n\t\t\t\t<\/div>\n\t\t\t\t\t<\/div>\n\t\t<\/div>\n\t\t\t\t\t<\/div>\n\t\t<\/section>\n\t\t\t\t<section class=\"elementor-section elementor-top-section elementor-element elementor-element-5a2f0add elementor-section-boxed elementor-section-height-default elementor-section-height-default\" data-id=\"5a2f0add\" data-element_type=\"section\" data-e-type=\"section\">\n\t\t\t\t\t\t<div class=\"elementor-container elementor-column-gap-default\">\n\t\t\t\t\t<div class=\"elementor-column elementor-col-16 elementor-top-column elementor-element elementor-element-761c626\" data-id=\"761c626\" data-element_type=\"column\" data-e-type=\"column\">\n\t\t\t<div class=\"elementor-widget-wrap elementor-element-populated\">\n\t\t\t\t\t\t<div class=\"elementor-element elementor-element-63093ba5 elementor-widget elementor-widget-image\" data-id=\"63093ba5\" data-element_type=\"widget\" data-e-type=\"widget\" data-widget_type=\"image.default\">\n\t\t\t\t<div class=\"elementor-widget-container\">\n\t\t\t\t\t\t\t\t\t\t\t\t\t\t\t<img fetchpriority=\"high\" decoding=\"async\" width=\"560\" height=\"801\" src=\"https:\/\/symbol.ind.br\/br\/wp-content\/uploads\/2022\/02\/acessorios_abracadeiras.png\" class=\"attachment-large size-large wp-image-3233\" alt=\"\" srcset=\"https:\/\/symbol.ind.br\/br\/wp-content\/uploads\/2022\/02\/acessorios_abracadeiras.png 560w, https:\/\/symbol.ind.br\/br\/wp-content\/uploads\/2022\/02\/acessorios_abracadeiras-210x300.png 210w\" sizes=\"(max-width: 560px) 100vw, 560px\" \/>\t\t\t\t\t\t\t\t\t\t\t\t\t\t\t<\/div>\n\t\t\t\t<\/div>\n\t\t\t\t\t<\/div>\n\t\t<\/div>\n\t\t\t\t<div class=\"elementor-column elementor-col-16 elementor-top-column elementor-element elementor-element-68be0f2\" data-id=\"68be0f2\" data-element_type=\"column\" data-e-type=\"column\">\n\t\t\t<div class=\"elementor-widget-wrap elementor-element-populated\">\n\t\t\t\t\t\t<div class=\"elementor-element elementor-element-e9f1d38 elementor-widget elementor-widget-image\" data-id=\"e9f1d38\" data-element_type=\"widget\" data-e-type=\"widget\" data-widget_type=\"image.default\">\n\t\t\t\t<div class=\"elementor-widget-container\">\n\t\t\t\t\t\t\t\t\t\t\t\t\t\t\t<img decoding=\"async\" width=\"560\" height=\"801\" src=\"https:\/\/symbol.ind.br\/br\/wp-content\/uploads\/2022\/02\/acessorios_adaptadores.png\" class=\"attachment-large size-large wp-image-3237\" alt=\"\" srcset=\"https:\/\/symbol.ind.br\/br\/wp-content\/uploads\/2022\/02\/acessorios_adaptadores.png 560w, https:\/\/symbol.ind.br\/br\/wp-content\/uploads\/2022\/02\/acessorios_adaptadores-210x300.png 210w\" sizes=\"(max-width: 560px) 100vw, 560px\" \/>\t\t\t\t\t\t\t\t\t\t\t\t\t\t\t<\/div>\n\t\t\t\t<\/div>\n\t\t\t\t\t<\/div>\n\t\t<\/div>\n\t\t\t\t<div class=\"elementor-column elementor-col-16 elementor-top-column elementor-element elementor-element-a984e46\" data-id=\"a984e46\" data-element_type=\"column\" data-e-type=\"column\">\n\t\t\t<div class=\"elementor-widget-wrap elementor-element-populated\">\n\t\t\t\t\t\t<div class=\"elementor-element elementor-element-12143b0 elementor-widget elementor-widget-image\" data-id=\"12143b0\" data-element_type=\"widget\" data-e-type=\"widget\" data-widget_type=\"image.default\">\n\t\t\t\t<div class=\"elementor-widget-container\">\n\t\t\t\t\t\t\t\t\t\t\t\t\t\t\t<img decoding=\"async\" width=\"560\" height=\"801\" src=\"https:\/\/symbol.ind.br\/br\/wp-content\/uploads\/2022\/02\/acessorios_aneis.png\" class=\"attachment-large size-large wp-image-3229\" alt=\"\" srcset=\"https:\/\/symbol.ind.br\/br\/wp-content\/uploads\/2022\/02\/acessorios_aneis.png 560w, https:\/\/symbol.ind.br\/br\/wp-content\/uploads\/2022\/02\/acessorios_aneis-210x300.png 210w\" sizes=\"(max-width: 560px) 100vw, 560px\" \/>\t\t\t\t\t\t\t\t\t\t\t\t\t\t\t<\/div>\n\t\t\t\t<\/div>\n\t\t\t\t\t<\/div>\n\t\t<\/div>\n\t\t\t\t<div class=\"elementor-column elementor-col-16 elementor-top-column elementor-element elementor-element-2d02b9bb\" data-id=\"2d02b9bb\" data-element_type=\"column\" data-e-type=\"column\">\n\t\t\t<div class=\"elementor-widget-wrap elementor-element-populated\">\n\t\t\t\t\t\t<div class=\"elementor-element elementor-element-69c21bdb elementor-widget elementor-widget-image\" data-id=\"69c21bdb\" data-element_type=\"widget\" data-e-type=\"widget\" data-widget_type=\"image.default\">\n\t\t\t\t<div class=\"elementor-widget-container\">\n\t\t\t\t\t\t\t\t\t\t\t\t\t\t\t<img loading=\"lazy\" decoding=\"async\" width=\"560\" height=\"801\" src=\"https:\/\/symbol.ind.br\/br\/wp-content\/uploads\/2022\/02\/acessorios_clamps.png\" class=\"attachment-large size-large wp-image-3247\" alt=\"\" srcset=\"https:\/\/symbol.ind.br\/br\/wp-content\/uploads\/2022\/02\/acessorios_clamps.png 560w, https:\/\/symbol.ind.br\/br\/wp-content\/uploads\/2022\/02\/acessorios_clamps-210x300.png 210w\" sizes=\"(max-width: 560px) 100vw, 560px\" \/>\t\t\t\t\t\t\t\t\t\t\t\t\t\t\t<\/div>\n\t\t\t\t<\/div>\n\t\t\t\t\t<\/div>\n\t\t<\/div>\n\t\t\t\t<div class=\"elementor-column elementor-col-16 elementor-top-column elementor-element elementor-element-6e854c16\" data-id=\"6e854c16\" data-element_type=\"column\" data-e-type=\"column\">\n\t\t\t<div class=\"elementor-widget-wrap elementor-element-populated\">\n\t\t\t\t\t\t<div class=\"elementor-element elementor-element-3f41a49b elementor-widget elementor-widget-image\" data-id=\"3f41a49b\" data-element_type=\"widget\" data-e-type=\"widget\" data-widget_type=\"image.default\">\n\t\t\t\t<div class=\"elementor-widget-container\">\n\t\t\t\t\t\t\t\t\t\t\t\t\t\t\t<img loading=\"lazy\" decoding=\"async\" width=\"560\" height=\"801\" src=\"https:\/\/symbol.ind.br\/br\/wp-content\/uploads\/2022\/02\/acessorios_cruzetas.png\" class=\"attachment-large size-large wp-image-3251\" alt=\"\" srcset=\"https:\/\/symbol.ind.br\/br\/wp-content\/uploads\/2022\/02\/acessorios_cruzetas.png 560w, https:\/\/symbol.ind.br\/br\/wp-content\/uploads\/2022\/02\/acessorios_cruzetas-210x300.png 210w\" sizes=\"(max-width: 560px) 100vw, 560px\" \/>\t\t\t\t\t\t\t\t\t\t\t\t\t\t\t<\/div>\n\t\t\t\t<\/div>\n\t\t\t\t\t<\/div>\n\t\t<\/div>\n\t\t\t\t<div class=\"elementor-column elementor-col-16 elementor-top-column elementor-element elementor-element-35eae728\" data-id=\"35eae728\" data-element_type=\"column\" data-e-type=\"column\">\n\t\t\t<div class=\"elementor-widget-wrap elementor-element-populated\">\n\t\t\t\t\t\t<div class=\"elementor-element elementor-element-25989255 elementor-widget elementor-widget-image\" data-id=\"25989255\" data-element_type=\"widget\" data-e-type=\"widget\" data-widget_type=\"image.default\">\n\t\t\t\t<div class=\"elementor-widget-container\">\n\t\t\t\t\t\t\t\t\t\t\t\t\t\t\t<img loading=\"lazy\" decoding=\"async\" width=\"560\" height=\"801\" src=\"https:\/\/symbol.ind.br\/br\/wp-content\/uploads\/2022\/02\/acessorios_curvas.png\" class=\"attachment-large size-large wp-image-3255\" alt=\"\" srcset=\"https:\/\/symbol.ind.br\/br\/wp-content\/uploads\/2022\/02\/acessorios_curvas.png 560w, https:\/\/symbol.ind.br\/br\/wp-content\/uploads\/2022\/02\/acessorios_curvas-210x300.png 210w\" sizes=\"(max-width: 560px) 100vw, 560px\" \/>\t\t\t\t\t\t\t\t\t\t\t\t\t\t\t<\/div>\n\t\t\t\t<\/div>\n\t\t\t\t\t<\/div>\n\t\t<\/div>\n\t\t\t\t\t<\/div>\n\t\t<\/section>\n\t\t\t\t<section class=\"elementor-section elementor-top-section elementor-element elementor-element-11763d2 elementor-section-boxed elementor-section-height-default elementor-section-height-default\" data-id=\"11763d2\" data-element_type=\"section\" data-e-type=\"section\">\n\t\t\t\t\t\t<div class=\"elementor-container elementor-column-gap-default\">\n\t\t\t\t\t<div class=\"elementor-column elementor-col-16 elementor-top-column elementor-element elementor-element-97b308e\" data-id=\"97b308e\" data-element_type=\"column\" data-e-type=\"column\">\n\t\t\t<div class=\"elementor-widget-wrap elementor-element-populated\">\n\t\t\t\t\t\t<div class=\"elementor-element elementor-element-144d170 elementor-widget elementor-widget-image\" data-id=\"144d170\" data-element_type=\"widget\" data-e-type=\"widget\" data-widget_type=\"image.default\">\n\t\t\t\t<div class=\"elementor-widget-container\">\n\t\t\t\t\t\t\t\t\t\t\t\t\t\t\t<img loading=\"lazy\" decoding=\"async\" width=\"560\" height=\"801\" src=\"https:\/\/symbol.ind.br\/br\/wp-content\/uploads\/2022\/02\/acessorios_flanges.png\" class=\"attachment-large size-large wp-image-3267\" alt=\"\" srcset=\"https:\/\/symbol.ind.br\/br\/wp-content\/uploads\/2022\/02\/acessorios_flanges.png 560w, https:\/\/symbol.ind.br\/br\/wp-content\/uploads\/2022\/02\/acessorios_flanges-210x300.png 210w\" sizes=\"(max-width: 560px) 100vw, 560px\" \/>\t\t\t\t\t\t\t\t\t\t\t\t\t\t\t<\/div>\n\t\t\t\t<\/div>\n\t\t\t\t\t<\/div>\n\t\t<\/div>\n\t\t\t\t<div class=\"elementor-column elementor-col-16 elementor-top-column elementor-element elementor-element-055e5ee\" data-id=\"055e5ee\" data-element_type=\"column\" data-e-type=\"column\">\n\t\t\t<div class=\"elementor-widget-wrap elementor-element-populated\">\n\t\t\t\t\t\t<div class=\"elementor-element elementor-element-28b0360 elementor-widget elementor-widget-image\" data-id=\"28b0360\" data-element_type=\"widget\" data-e-type=\"widget\" data-widget_type=\"image.default\">\n\t\t\t\t<div class=\"elementor-widget-container\">\n\t\t\t\t\t\t\t\t\t\t\t\t\t\t\t<img loading=\"lazy\" decoding=\"async\" width=\"560\" height=\"801\" src=\"https:\/\/symbol.ind.br\/br\/wp-content\/uploads\/2022\/02\/acessorios_flanges_fechadas.png\" class=\"attachment-large size-large wp-image-3265\" alt=\"\" srcset=\"https:\/\/symbol.ind.br\/br\/wp-content\/uploads\/2022\/02\/acessorios_flanges_fechadas.png 560w, https:\/\/symbol.ind.br\/br\/wp-content\/uploads\/2022\/02\/acessorios_flanges_fechadas-210x300.png 210w\" sizes=\"(max-width: 560px) 100vw, 560px\" \/>\t\t\t\t\t\t\t\t\t\t\t\t\t\t\t<\/div>\n\t\t\t\t<\/div>\n\t\t\t\t\t<\/div>\n\t\t<\/div>\n\t\t\t\t<div class=\"elementor-column elementor-col-16 elementor-top-column elementor-element elementor-element-d9ccb04\" data-id=\"d9ccb04\" data-element_type=\"column\" data-e-type=\"column\">\n\t\t\t<div class=\"elementor-widget-wrap elementor-element-populated\">\n\t\t\t\t\t\t<div class=\"elementor-element elementor-element-4b84626 elementor-widget elementor-widget-image\" data-id=\"4b84626\" data-element_type=\"widget\" data-e-type=\"widget\" data-widget_type=\"image.default\">\n\t\t\t\t<div class=\"elementor-widget-container\">\n\t\t\t\t\t\t\t\t\t\t\t\t\t\t\t<img loading=\"lazy\" decoding=\"async\" width=\"560\" height=\"801\" src=\"https:\/\/symbol.ind.br\/br\/wp-content\/uploads\/2022\/02\/acessorios_flanges_terminal.png\" class=\"attachment-large size-large wp-image-3268\" alt=\"\" srcset=\"https:\/\/symbol.ind.br\/br\/wp-content\/uploads\/2022\/02\/acessorios_flanges_terminal.png 560w, https:\/\/symbol.ind.br\/br\/wp-content\/uploads\/2022\/02\/acessorios_flanges_terminal-210x300.png 210w\" sizes=\"(max-width: 560px) 100vw, 560px\" \/>\t\t\t\t\t\t\t\t\t\t\t\t\t\t\t<\/div>\n\t\t\t\t<\/div>\n\t\t\t\t\t<\/div>\n\t\t<\/div>\n\t\t\t\t<div class=\"elementor-column elementor-col-16 elementor-top-column elementor-element elementor-element-57dffb9\" data-id=\"57dffb9\" data-element_type=\"column\" data-e-type=\"column\">\n\t\t\t<div class=\"elementor-widget-wrap elementor-element-populated\">\n\t\t\t\t\t\t<div class=\"elementor-element elementor-element-462ec0e elementor-widget elementor-widget-image\" data-id=\"462ec0e\" data-element_type=\"widget\" data-e-type=\"widget\" data-widget_type=\"image.default\">\n\t\t\t\t<div class=\"elementor-widget-container\">\n\t\t\t\t\t\t\t\t\t\t\t\t\t\t\t<img loading=\"lazy\" decoding=\"async\" width=\"560\" height=\"801\" src=\"https:\/\/symbol.ind.br\/br\/wp-content\/uploads\/2022\/02\/acessorios_mangueiras.png\" class=\"attachment-large size-large wp-image-3272\" alt=\"\" srcset=\"https:\/\/symbol.ind.br\/br\/wp-content\/uploads\/2022\/02\/acessorios_mangueiras.png 560w, https:\/\/symbol.ind.br\/br\/wp-content\/uploads\/2022\/02\/acessorios_mangueiras-210x300.png 210w\" sizes=\"(max-width: 560px) 100vw, 560px\" \/>\t\t\t\t\t\t\t\t\t\t\t\t\t\t\t<\/div>\n\t\t\t\t<\/div>\n\t\t\t\t\t<\/div>\n\t\t<\/div>\n\t\t\t\t<div class=\"elementor-column elementor-col-16 elementor-top-column elementor-element elementor-element-bacf85e\" data-id=\"bacf85e\" data-element_type=\"column\" data-e-type=\"column\">\n\t\t\t<div class=\"elementor-widget-wrap elementor-element-populated\">\n\t\t\t\t\t\t<div class=\"elementor-element elementor-element-11ef08b elementor-widget elementor-widget-image\" data-id=\"11ef08b\" data-element_type=\"widget\" data-e-type=\"widget\" data-widget_type=\"image.default\">\n\t\t\t\t<div class=\"elementor-widget-container\">\n\t\t\t\t\t\t\t\t\t\t\t\t\t\t\t<img loading=\"lazy\" decoding=\"async\" width=\"560\" height=\"801\" src=\"https:\/\/symbol.ind.br\/br\/wp-content\/uploads\/2022\/02\/acessorios_tees.png\" class=\"attachment-large size-large wp-image-3273\" alt=\"\" srcset=\"https:\/\/symbol.ind.br\/br\/wp-content\/uploads\/2022\/02\/acessorios_tees.png 560w, https:\/\/symbol.ind.br\/br\/wp-content\/uploads\/2022\/02\/acessorios_tees-210x300.png 210w\" sizes=\"(max-width: 560px) 100vw, 560px\" \/>\t\t\t\t\t\t\t\t\t\t\t\t\t\t\t<\/div>\n\t\t\t\t<\/div>\n\t\t\t\t\t<\/div>\n\t\t<\/div>\n\t\t\t\t<div class=\"elementor-column elementor-col-16 elementor-top-column elementor-element elementor-element-b0f5580\" data-id=\"b0f5580\" data-element_type=\"column\" data-e-type=\"column\">\n\t\t\t<div class=\"elementor-widget-wrap elementor-element-populated\">\n\t\t\t\t\t\t<div class=\"elementor-element elementor-element-5afc679 elementor-widget elementor-widget-image\" data-id=\"5afc679\" data-element_type=\"widget\" data-e-type=\"widget\" data-widget_type=\"image.default\">\n\t\t\t\t<div class=\"elementor-widget-container\">\n\t\t\t\t\t\t\t\t\t\t\t\t\t\t\t\t<a href=\"https:\/\/symbol.ind.br\/br\/contato\/\">\n\t\t\t\t\t\t\t<img loading=\"lazy\" decoding=\"async\" width=\"560\" height=\"801\" src=\"https:\/\/symbol.ind.br\/br\/wp-content\/uploads\/2022\/02\/acessorios_faleconosco.png\" class=\"elementor-animation-wobble-vertical attachment-large size-large wp-image-3283\" alt=\"\" srcset=\"https:\/\/symbol.ind.br\/br\/wp-content\/uploads\/2022\/02\/acessorios_faleconosco.png 560w, https:\/\/symbol.ind.br\/br\/wp-content\/uploads\/2022\/02\/acessorios_faleconosco-210x300.png 210w\" sizes=\"(max-width: 560px) 100vw, 560px\" \/>\t\t\t\t\t\t\t\t<\/a>\n\t\t\t\t\t\t\t\t\t\t\t\t\t\t\t<\/div>\n\t\t\t\t<\/div>\n\t\t\t\t\t<\/div>\n\t\t<\/div>\n\t\t\t\t\t<\/div>\n\t\t<\/section>\n\t\t\t\t<section class=\"elementor-section elementor-top-section elementor-element elementor-element-19c41e05 elementor-section-boxed elementor-section-height-default elementor-section-height-default\" data-id=\"19c41e05\" data-element_type=\"section\" data-e-type=\"section\" data-settings=\"{&quot;background_background&quot;:&quot;classic&quot;}\">\n\t\t\t\t\t\t<div class=\"elementor-container elementor-column-gap-default\">\n\t\t\t\t\t<div class=\"elementor-column elementor-col-100 elementor-top-column elementor-element elementor-element-95c9ac9\" data-id=\"95c9ac9\" data-element_type=\"column\" data-e-type=\"column\" data-settings=\"{&quot;background_background&quot;:&quot;classic&quot;}\">\n\t\t\t<div class=\"elementor-widget-wrap elementor-element-populated\">\n\t\t\t\t\t\t<div class=\"elementor-element elementor-element-6485cba1 elementor-widget elementor-widget-text-editor\" data-id=\"6485cba1\" data-element_type=\"widget\" data-e-type=\"widget\" data-settings=\"{&quot;_animation&quot;:&quot;none&quot;}\" data-widget_type=\"text-editor.default\">\n\t\t\t\t<div class=\"elementor-widget-container\">\n\t\t\t\t\t\t\t\t\t<p><strong>ACESSO R\u00c1PIDO \u2022 <a href=\"https:\/\/symbol.ind.br\/br\/produtos_bombas_a\">Bombas &#8211; S\u00e9rie A<\/a> \u2022\u00a0<a href=\"https:\/\/symbol.ind.br\/br\/produtos_bombas_e\">Bombas &#8211; S\u00e9rie E<\/a> \u2022 <a href=\"https:\/\/symbol.ind.br\/br\/produtos_seladoras\">Seladoras a V\u00e1cuo<\/a> \u2022 <a href=\"https:\/\/symbol.ind.br\/br\/produtos_centrais_vacuo\">Centrais de V\u00e1cuo<\/a> \u2022 <a href=\"https:\/\/symbol.ind.br\/br\/produtos_tmv\">Tratamento de \u00d3leo<\/a><\/strong><\/p>\t\t\t\t\t\t\t\t<\/div>\n\t\t\t\t<\/div>\n\t\t\t\t\t<\/div>\n\t\t<\/div>\n\t\t\t\t\t<\/div>\n\t\t<\/section>\n\t\t\t\t<section class=\"elementor-section elementor-top-section elementor-element elementor-element-38a48b2e elementor-section-boxed elementor-section-height-default elementor-section-height-default\" data-id=\"38a48b2e\" data-element_type=\"section\" data-e-type=\"section\" data-settings=\"{&quot;background_background&quot;:&quot;classic&quot;}\">\n\t\t\t\t\t\t<div class=\"elementor-container elementor-column-gap-default\">\n\t\t\t\t\t<div class=\"elementor-column elementor-col-100 elementor-top-column elementor-element elementor-element-1360e9c7\" data-id=\"1360e9c7\" data-element_type=\"column\" data-e-type=\"column\" data-settings=\"{&quot;background_background&quot;:&quot;classic&quot;}\">\n\t\t\t<div class=\"elementor-widget-wrap elementor-element-populated\">\n\t\t\t\t\t\t<div class=\"elementor-element elementor-element-21a59f60 elementor-widget elementor-widget-text-editor\" data-id=\"21a59f60\" data-element_type=\"widget\" data-e-type=\"widget\" data-settings=\"{&quot;_animation&quot;:&quot;none&quot;}\" data-widget_type=\"text-editor.default\">\n\t\t\t\t<div class=\"elementor-widget-container\">\n\t\t\t\t\t\t\t\t\t<p><a href=\"http:\/\/www.symbol.ind.br\/downloads\/symbol_catalogo_acessorios.pdf\" target=\"_blank\" rel=\"noopener\"><strong>Clique aqui e fa\u00e7a o download do nosso cat\u00e1logo de acess\u00f3rios.<\/strong><\/a><\/p>\t\t\t\t\t\t\t\t<\/div>\n\t\t\t\t<\/div>\n\t\t\t\t\t<\/div>\n\t\t<\/div>\n\t\t\t\t\t<\/div>\n\t\t<\/section>\n\t\t\t\t<section class=\"elementor-section elementor-top-section elementor-element elementor-element-6a6af68f elementor-section-boxed elementor-section-height-default elementor-section-height-default\" data-id=\"6a6af68f\" data-element_type=\"section\" data-e-type=\"section\">\n\t\t\t\t\t\t<div class=\"elementor-container elementor-column-gap-default\">\n\t\t\t\t\t<div class=\"elementor-column elementor-col-100 elementor-top-column elementor-element elementor-element-59e29a1e\" data-id=\"59e29a1e\" data-element_type=\"column\" data-e-type=\"column\">\n\t\t\t<div class=\"elementor-widget-wrap elementor-element-populated\">\n\t\t\t\t\t\t<div class=\"elementor-element elementor-element-76f5a484 elementor-align-center elementor-widget elementor-widget-button\" data-id=\"76f5a484\" data-element_type=\"widget\" data-e-type=\"widget\" id=\"#topo\" data-widget_type=\"button.default\">\n\t\t\t\t<div class=\"elementor-widget-container\">\n\t\t\t\t\t\t\t\t\t<div class=\"elementor-button-wrapper\">\n\t\t\t\t\t<a class=\"elementor-button elementor-button-link elementor-size-xs\" href=\"#topo\">\n\t\t\t\t\t\t<span class=\"elementor-button-content-wrapper\">\n\t\t\t\t\t\t<span class=\"elementor-button-icon\">\n\t\t\t\t<i aria-hidden=\"true\" class=\"far fa-arrow-alt-circle-up\"><\/i>\t\t\t<\/span>\n\t\t\t\t\t\t\t\t\t<span class=\"elementor-button-text\">Voltar ao topo<\/span>\n\t\t\t\t\t<\/span>\n\t\t\t\t\t<\/a>\n\t\t\t\t<\/div>\n\t\t\t\t\t\t\t\t<\/div>\n\t\t\t\t<\/div>\n\t\t\t\t\t<\/div>\n\t\t<\/div>\n\t\t\t\t\t<\/div>\n\t\t<\/section>\n\t\t\t\t<\/div>\n\t\t","protected":false},"excerpt":{"rendered":"<p>A Symbol oferece uma extensa gama de acess\u00f3rios originais compat\u00edveis com todos os equipamentos fabricados e vendidos sob sua marca. Entre em contato com nossos consultores para solicitar maiores informa\u00e7\u00f5es. Ser\u00e1 um prazer atend\u00ea-lo! ACESSO R\u00c1PIDO \u2022 Bombas &#8211; S\u00e9rie A \u2022\u00a0Bombas &#8211; S\u00e9rie E \u2022 Seladoras a V\u00e1cuo \u2022 Centrais de V\u00e1cuo \u2022 Tratamento [&hellip;]<\/p>\n","protected":false},"author":1,"featured_media":17,"parent":0,"menu_order":0,"comment_status":"closed","ping_status":"closed","template":"elementor_header_footer","meta":{"footnotes":""},"class_list":["post-2516","page","type-page","status-publish","has-post-thumbnail","hentry","entry","has-media"],"_links":{"self":[{"href":"https:\/\/symbol.ind.br\/br\/wp-json\/wp\/v2\/pages\/2516","targetHints":{"allow":["GET"]}}],"collection":[{"href":"https:\/\/symbol.ind.br\/br\/wp-json\/wp\/v2\/pages"}],"about":[{"href":"https:\/\/symbol.ind.br\/br\/wp-json\/wp\/v2\/types\/page"}],"author":[{"embeddable":true,"href":"https:\/\/symbol.ind.br\/br\/wp-json\/wp\/v2\/users\/1"}],"replies":[{"embeddable":true,"href":"https:\/\/symbol.ind.br\/br\/wp-json\/wp\/v2\/comments?post=2516"}],"version-history":[{"count":115,"href":"https:\/\/symbol.ind.br\/br\/wp-json\/wp\/v2\/pages\/2516\/revisions"}],"predecessor-version":[{"id":4077,"href":"https:\/\/symbol.ind.br\/br\/wp-json\/wp\/v2\/pages\/2516\/revisions\/4077"}],"wp:featuredmedia":[{"embeddable":true,"href":"https:\/\/symbol.ind.br\/br\/wp-json\/wp\/v2\/media\/17"}],"wp:attachment":[{"href":"https:\/\/symbol.ind.br\/br\/wp-json\/wp\/v2\/media?parent=2516"}],"curies":[{"name":"wp","href":"https:\/\/api.w.org\/{rel}","templated":true}]}}