{"id":1871,"date":"2021-07-25T08:38:44","date_gmt":"2021-07-25T11:38:44","guid":{"rendered":"https:\/\/symbol.ind.br\/br\/?page_id=1871"},"modified":"2024-02-20T14:56:31","modified_gmt":"2024-02-20T17:56:31","slug":"produtos","status":"publish","type":"page","link":"https:\/\/symbol.ind.br\/br\/produtos\/","title":{"rendered":"Produtos"},"content":{"rendered":"\t\t<div data-elementor-type=\"wp-page\" data-elementor-id=\"1871\" class=\"elementor elementor-1871\" data-elementor-post-type=\"page\">\n\t\t\t\t\t\t<section class=\"elementor-section elementor-top-section elementor-element elementor-element-33068466 elementor-section-boxed elementor-section-height-default elementor-section-height-default\" data-id=\"33068466\" data-element_type=\"section\" data-e-type=\"section\" data-settings=\"{&quot;background_background&quot;:&quot;classic&quot;}\">\n\t\t\t\t\t\t<div class=\"elementor-container elementor-column-gap-default\">\n\t\t\t\t\t<div class=\"elementor-column elementor-col-50 elementor-top-column elementor-element elementor-element-17fee3e9\" data-id=\"17fee3e9\" data-element_type=\"column\" data-e-type=\"column\">\n\t\t\t<div class=\"elementor-widget-wrap elementor-element-populated\">\n\t\t\t\t\t\t<div class=\"elementor-element elementor-element-34956fad elementor-widget elementor-widget-text-editor\" data-id=\"34956fad\" data-element_type=\"widget\" data-e-type=\"widget\" data-settings=\"{&quot;_animation&quot;:&quot;none&quot;}\" data-widget_type=\"text-editor.default\">\n\t\t\t\t<div class=\"elementor-widget-container\">\n\t\t\t\t\t\t\t\t\tEspecialista em tecnologia de v\u00e1cuo, a <strong>Symbol<\/strong> oferece sistemas, equipamentos e as bombas de v\u00e1cuo mais robustas do mercado, com a melhor rela\u00e7\u00e3o custo-benef\u00edcio e a menor taxa de manuten\u00e7\u00e3o do Brasil. Acesse abaixo e conhe\u00e7a melhor cada linha de equipamentos, inclusive suas especifica\u00e7\u00f5es t\u00e9cnicas. Em caso de d\u00favidas, contate-nos atrav\u00e9s de nossos <a href=\"https:\/\/symbol.ind.br\/br\/contato\/\"><strong>canais de atendimento<\/strong><\/a>.\t\t\t\t\t\t\t\t<\/div>\n\t\t\t\t<\/div>\n\t\t\t\t\t<\/div>\n\t\t<\/div>\n\t\t\t\t<div class=\"elementor-column elementor-col-50 elementor-top-column elementor-element elementor-element-05bb1de\" data-id=\"05bb1de\" data-element_type=\"column\" data-e-type=\"column\">\n\t\t\t<div class=\"elementor-widget-wrap elementor-element-populated\">\n\t\t\t\t\t\t<div class=\"elementor-element elementor-element-d52cb21 elementor-widget elementor-widget-image\" data-id=\"d52cb21\" data-element_type=\"widget\" data-e-type=\"widget\" data-settings=\"{&quot;_animation&quot;:&quot;none&quot;}\" data-widget_type=\"image.default\">\n\t\t\t\t<div class=\"elementor-widget-container\">\n\t\t\t\t\t\t\t\t\t\t\t\t\t\t\t<img fetchpriority=\"high\" decoding=\"async\" width=\"1011\" height=\"150\" src=\"https:\/\/symbol.ind.br\/br\/wp-content\/uploads\/2021\/07\/produtos_teaser.png\" class=\"attachment-large size-large wp-image-1886\" alt=\"\" srcset=\"https:\/\/symbol.ind.br\/br\/wp-content\/uploads\/2021\/07\/produtos_teaser.png 1011w, https:\/\/symbol.ind.br\/br\/wp-content\/uploads\/2021\/07\/produtos_teaser-300x45.png 300w, https:\/\/symbol.ind.br\/br\/wp-content\/uploads\/2021\/07\/produtos_teaser-768x114.png 768w\" sizes=\"(max-width: 1011px) 100vw, 1011px\" \/>\t\t\t\t\t\t\t\t\t\t\t\t\t\t\t<\/div>\n\t\t\t\t<\/div>\n\t\t\t\t\t<\/div>\n\t\t<\/div>\n\t\t\t\t\t<\/div>\n\t\t<\/section>\n\t\t\t\t<section class=\"elementor-section elementor-top-section elementor-element elementor-element-25661f69 elementor-section-boxed elementor-section-height-default elementor-section-height-default\" data-id=\"25661f69\" data-element_type=\"section\" data-e-type=\"section\">\n\t\t\t\t\t\t<div class=\"elementor-container elementor-column-gap-default\">\n\t\t\t\t\t<div class=\"elementor-column elementor-col-16 elementor-top-column elementor-element elementor-element-6d31fd50\" data-id=\"6d31fd50\" data-element_type=\"column\" data-e-type=\"column\">\n\t\t\t<div class=\"elementor-widget-wrap elementor-element-populated\">\n\t\t\t\t\t\t<div class=\"elementor-element elementor-element-697a13c elementor-invisible elementor-widget elementor-widget-image\" data-id=\"697a13c\" data-element_type=\"widget\" data-e-type=\"widget\" data-settings=\"{&quot;_animation&quot;:&quot;fadeIn&quot;}\" data-widget_type=\"image.default\">\n\t\t\t\t<div class=\"elementor-widget-container\">\n\t\t\t\t\t\t\t\t\t\t\t\t\t\t\t\t<a href=\"http:\/\/www.symbol.ind.br\/br\/produtos_bombas_a\">\n\t\t\t\t\t\t\t<img decoding=\"async\" width=\"560\" height=\"800\" src=\"https:\/\/symbol.ind.br\/br\/wp-content\/uploads\/2022\/10\/serie-a.png\" class=\"elementor-animation-wobble-vertical attachment-large size-large wp-image-3706\" alt=\"\" srcset=\"https:\/\/symbol.ind.br\/br\/wp-content\/uploads\/2022\/10\/serie-a.png 560w, https:\/\/symbol.ind.br\/br\/wp-content\/uploads\/2022\/10\/serie-a-210x300.png 210w\" sizes=\"(max-width: 560px) 100vw, 560px\" \/>\t\t\t\t\t\t\t\t<\/a>\n\t\t\t\t\t\t\t\t\t\t\t\t\t\t\t<\/div>\n\t\t\t\t<\/div>\n\t\t\t\t\t<\/div>\n\t\t<\/div>\n\t\t\t\t<div class=\"elementor-column elementor-col-16 elementor-top-column elementor-element elementor-element-227d7f2f\" data-id=\"227d7f2f\" data-element_type=\"column\" data-e-type=\"column\">\n\t\t\t<div class=\"elementor-widget-wrap elementor-element-populated\">\n\t\t\t\t\t\t<div class=\"elementor-element elementor-element-c2505b8 elementor-invisible elementor-widget elementor-widget-image\" data-id=\"c2505b8\" data-element_type=\"widget\" data-e-type=\"widget\" data-settings=\"{&quot;_animation&quot;:&quot;fadeIn&quot;,&quot;_animation_delay&quot;:300}\" data-widget_type=\"image.default\">\n\t\t\t\t<div class=\"elementor-widget-container\">\n\t\t\t\t\t\t\t\t\t\t\t\t\t\t\t\t<a href=\"http:\/\/www.symbol.ind.br\/br\/produtos_bombas_e\">\n\t\t\t\t\t\t\t<img decoding=\"async\" width=\"560\" height=\"800\" src=\"https:\/\/symbol.ind.br\/br\/wp-content\/uploads\/2022\/10\/serie-e.png\" class=\"elementor-animation-wobble-vertical attachment-large size-large wp-image-3707\" alt=\"\" srcset=\"https:\/\/symbol.ind.br\/br\/wp-content\/uploads\/2022\/10\/serie-e.png 560w, https:\/\/symbol.ind.br\/br\/wp-content\/uploads\/2022\/10\/serie-e-210x300.png 210w\" sizes=\"(max-width: 560px) 100vw, 560px\" \/>\t\t\t\t\t\t\t\t<\/a>\n\t\t\t\t\t\t\t\t\t\t\t\t\t\t\t<\/div>\n\t\t\t\t<\/div>\n\t\t\t\t\t<\/div>\n\t\t<\/div>\n\t\t\t\t<div class=\"elementor-column elementor-col-16 elementor-top-column elementor-element elementor-element-5155db08\" data-id=\"5155db08\" data-element_type=\"column\" data-e-type=\"column\">\n\t\t\t<div class=\"elementor-widget-wrap elementor-element-populated\">\n\t\t\t\t\t\t<div class=\"elementor-element elementor-element-e2c0ed1 elementor-invisible elementor-widget elementor-widget-image\" data-id=\"e2c0ed1\" data-element_type=\"widget\" data-e-type=\"widget\" data-settings=\"{&quot;_animation&quot;:&quot;fadeIn&quot;,&quot;_animation_delay&quot;:600}\" data-widget_type=\"image.default\">\n\t\t\t\t<div class=\"elementor-widget-container\">\n\t\t\t\t\t\t\t\t\t\t\t\t\t\t\t\t<a href=\"http:\/\/www.symbol.ind.br\/br\/produtos_seladoras\">\n\t\t\t\t\t\t\t<img loading=\"lazy\" decoding=\"async\" width=\"560\" height=\"800\" src=\"https:\/\/symbol.ind.br\/br\/wp-content\/uploads\/2022\/05\/produtos_indice_seladoras.jpg\" class=\"elementor-animation-wobble-vertical attachment-large size-large wp-image-3579\" alt=\"\" srcset=\"https:\/\/symbol.ind.br\/br\/wp-content\/uploads\/2022\/05\/produtos_indice_seladoras.jpg 560w, https:\/\/symbol.ind.br\/br\/wp-content\/uploads\/2022\/05\/produtos_indice_seladoras-210x300.jpg 210w\" sizes=\"(max-width: 560px) 100vw, 560px\" \/>\t\t\t\t\t\t\t\t<\/a>\n\t\t\t\t\t\t\t\t\t\t\t\t\t\t\t<\/div>\n\t\t\t\t<\/div>\n\t\t\t\t\t<\/div>\n\t\t<\/div>\n\t\t\t\t<div class=\"elementor-column elementor-col-16 elementor-top-column elementor-element elementor-element-67d0645\" data-id=\"67d0645\" data-element_type=\"column\" data-e-type=\"column\">\n\t\t\t<div class=\"elementor-widget-wrap elementor-element-populated\">\n\t\t\t\t\t\t<div class=\"elementor-element elementor-element-468bc4d elementor-invisible elementor-widget elementor-widget-image\" data-id=\"468bc4d\" data-element_type=\"widget\" data-e-type=\"widget\" data-settings=\"{&quot;_animation&quot;:&quot;fadeIn&quot;,&quot;_animation_delay&quot;:900}\" data-widget_type=\"image.default\">\n\t\t\t\t<div class=\"elementor-widget-container\">\n\t\t\t\t\t\t\t\t\t\t\t\t\t\t\t\t<a href=\"http:\/\/www.symbol.ind.br\/br\/produtos_centrais\">\n\t\t\t\t\t\t\t<img loading=\"lazy\" decoding=\"async\" width=\"560\" height=\"801\" src=\"https:\/\/symbol.ind.br\/br\/wp-content\/uploads\/2021\/07\/produtos_indice_centrais.png\" class=\"elementor-animation-wobble-vertical attachment-large size-large wp-image-1905\" alt=\"\" srcset=\"https:\/\/symbol.ind.br\/br\/wp-content\/uploads\/2021\/07\/produtos_indice_centrais.png 560w, https:\/\/symbol.ind.br\/br\/wp-content\/uploads\/2021\/07\/produtos_indice_centrais-210x300.png 210w\" sizes=\"(max-width: 560px) 100vw, 560px\" \/>\t\t\t\t\t\t\t\t<\/a>\n\t\t\t\t\t\t\t\t\t\t\t\t\t\t\t<\/div>\n\t\t\t\t<\/div>\n\t\t\t\t\t<\/div>\n\t\t<\/div>\n\t\t\t\t<div class=\"elementor-column elementor-col-16 elementor-top-column elementor-element elementor-element-70fca104\" data-id=\"70fca104\" data-element_type=\"column\" data-e-type=\"column\">\n\t\t\t<div class=\"elementor-widget-wrap elementor-element-populated\">\n\t\t\t\t\t\t<div class=\"elementor-element elementor-element-d2a2e11 elementor-invisible elementor-widget elementor-widget-image\" data-id=\"d2a2e11\" data-element_type=\"widget\" data-e-type=\"widget\" data-settings=\"{&quot;_animation&quot;:&quot;fadeIn&quot;,&quot;_animation_delay&quot;:1200}\" data-widget_type=\"image.default\">\n\t\t\t\t<div class=\"elementor-widget-container\">\n\t\t\t\t\t\t\t\t\t\t\t\t\t\t\t\t<a href=\"http:\/\/www.symbol.ind.br\/br\/produtos_tmv\">\n\t\t\t\t\t\t\t<img loading=\"lazy\" decoding=\"async\" width=\"560\" height=\"801\" src=\"https:\/\/symbol.ind.br\/br\/wp-content\/uploads\/2021\/07\/produtos_indice_oleo.png\" class=\"elementor-animation-wobble-vertical attachment-large size-large wp-image-1906\" alt=\"\" srcset=\"https:\/\/symbol.ind.br\/br\/wp-content\/uploads\/2021\/07\/produtos_indice_oleo.png 560w, https:\/\/symbol.ind.br\/br\/wp-content\/uploads\/2021\/07\/produtos_indice_oleo-210x300.png 210w\" sizes=\"(max-width: 560px) 100vw, 560px\" \/>\t\t\t\t\t\t\t\t<\/a>\n\t\t\t\t\t\t\t\t\t\t\t\t\t\t\t<\/div>\n\t\t\t\t<\/div>\n\t\t\t\t\t<\/div>\n\t\t<\/div>\n\t\t\t\t<div class=\"elementor-column elementor-col-16 elementor-top-column elementor-element elementor-element-30977cd1\" data-id=\"30977cd1\" data-element_type=\"column\" data-e-type=\"column\">\n\t\t\t<div class=\"elementor-widget-wrap elementor-element-populated\">\n\t\t\t\t\t\t<div class=\"elementor-element elementor-element-6fa5ebc elementor-invisible elementor-widget elementor-widget-image\" data-id=\"6fa5ebc\" data-element_type=\"widget\" data-e-type=\"widget\" data-settings=\"{&quot;_animation&quot;:&quot;fadeIn&quot;,&quot;_animation_delay&quot;:1500}\" data-widget_type=\"image.default\">\n\t\t\t\t<div class=\"elementor-widget-container\">\n\t\t\t\t\t\t\t\t\t\t\t\t\t\t\t\t<a href=\"http:\/\/www.symbol.ind.br\/br\/produtos_acessorios\">\n\t\t\t\t\t\t\t<img loading=\"lazy\" decoding=\"async\" width=\"560\" height=\"800\" src=\"https:\/\/symbol.ind.br\/br\/wp-content\/uploads\/2022\/01\/produtos_indice_acessorios-1.png\" class=\"elementor-animation-wobble-vertical attachment-large size-large wp-image-3044\" alt=\"\" srcset=\"https:\/\/symbol.ind.br\/br\/wp-content\/uploads\/2022\/01\/produtos_indice_acessorios-1.png 560w, https:\/\/symbol.ind.br\/br\/wp-content\/uploads\/2022\/01\/produtos_indice_acessorios-1-210x300.png 210w\" sizes=\"(max-width: 560px) 100vw, 560px\" \/>\t\t\t\t\t\t\t\t<\/a>\n\t\t\t\t\t\t\t\t\t\t\t\t\t\t\t<\/div>\n\t\t\t\t<\/div>\n\t\t\t\t\t<\/div>\n\t\t<\/div>\n\t\t\t\t\t<\/div>\n\t\t<\/section>\n\t\t\t\t<section class=\"elementor-section elementor-top-section elementor-element elementor-element-24c79255 elementor-section-boxed elementor-section-height-default elementor-section-height-default\" data-id=\"24c79255\" data-element_type=\"section\" data-e-type=\"section\">\n\t\t\t\t\t\t<div class=\"elementor-container elementor-column-gap-default\">\n\t\t\t\t\t<div class=\"elementor-column elementor-col-100 elementor-top-column elementor-element elementor-element-38295378\" data-id=\"38295378\" data-element_type=\"column\" data-e-type=\"column\">\n\t\t\t<div class=\"elementor-widget-wrap elementor-element-populated\">\n\t\t\t\t\t\t<div class=\"elementor-element elementor-element-315a4db1 elementor-align-center elementor-widget elementor-widget-button\" data-id=\"315a4db1\" data-element_type=\"widget\" data-e-type=\"widget\" id=\"#topo\" data-widget_type=\"button.default\">\n\t\t\t\t<div class=\"elementor-widget-container\">\n\t\t\t\t\t\t\t\t\t<div class=\"elementor-button-wrapper\">\n\t\t\t\t\t<a class=\"elementor-button elementor-button-link elementor-size-xs\" href=\"#topo\">\n\t\t\t\t\t\t<span class=\"elementor-button-content-wrapper\">\n\t\t\t\t\t\t<span class=\"elementor-button-icon\">\n\t\t\t\t<i aria-hidden=\"true\" class=\"far fa-arrow-alt-circle-up\"><\/i>\t\t\t<\/span>\n\t\t\t\t\t\t\t\t\t<span class=\"elementor-button-text\">Voltar ao topo<\/span>\n\t\t\t\t\t<\/span>\n\t\t\t\t\t<\/a>\n\t\t\t\t<\/div>\n\t\t\t\t\t\t\t\t<\/div>\n\t\t\t\t<\/div>\n\t\t\t\t\t<\/div>\n\t\t<\/div>\n\t\t\t\t\t<\/div>\n\t\t<\/section>\n\t\t\t\t<\/div>\n\t\t","protected":false},"excerpt":{"rendered":"<p>Especialista em tecnologia de v\u00e1cuo, a Symbol oferece sistemas, equipamentos e as bombas de v\u00e1cuo mais robustas do mercado, com a melhor rela\u00e7\u00e3o custo-benef\u00edcio e a menor taxa de manuten\u00e7\u00e3o do Brasil. Acesse abaixo e conhe\u00e7a melhor cada linha de equipamentos, inclusive suas especifica\u00e7\u00f5es t\u00e9cnicas. Em caso de d\u00favidas, contate-nos atrav\u00e9s de nossos canais de [&hellip;]<\/p>\n","protected":false},"author":1,"featured_media":17,"parent":0,"menu_order":0,"comment_status":"closed","ping_status":"closed","template":"elementor_header_footer","meta":{"footnotes":""},"class_list":["post-1871","page","type-page","status-publish","has-post-thumbnail","hentry","entry","has-media"],"_links":{"self":[{"href":"https:\/\/symbol.ind.br\/br\/wp-json\/wp\/v2\/pages\/1871","targetHints":{"allow":["GET"]}}],"collection":[{"href":"https:\/\/symbol.ind.br\/br\/wp-json\/wp\/v2\/pages"}],"about":[{"href":"https:\/\/symbol.ind.br\/br\/wp-json\/wp\/v2\/types\/page"}],"author":[{"embeddable":true,"href":"https:\/\/symbol.ind.br\/br\/wp-json\/wp\/v2\/users\/1"}],"replies":[{"embeddable":true,"href":"https:\/\/symbol.ind.br\/br\/wp-json\/wp\/v2\/comments?post=1871"}],"version-history":[{"count":163,"href":"https:\/\/symbol.ind.br\/br\/wp-json\/wp\/v2\/pages\/1871\/revisions"}],"predecessor-version":[{"id":4071,"href":"https:\/\/symbol.ind.br\/br\/wp-json\/wp\/v2\/pages\/1871\/revisions\/4071"}],"wp:featuredmedia":[{"embeddable":true,"href":"https:\/\/symbol.ind.br\/br\/wp-json\/wp\/v2\/media\/17"}],"wp:attachment":[{"href":"https:\/\/symbol.ind.br\/br\/wp-json\/wp\/v2\/media?parent=1871"}],"curies":[{"name":"wp","href":"https:\/\/api.w.org\/{rel}","templated":true}]}}