{"id":1674,"date":"2021-07-04T09:04:24","date_gmt":"2021-07-04T12:04:24","guid":{"rendered":"https:\/\/symbol.ind.br\/br\/?page_id=1674"},"modified":"2024-02-20T14:52:04","modified_gmt":"2024-02-20T17:52:04","slug":"contato","status":"publish","type":"page","link":"https:\/\/symbol.ind.br\/br\/contato\/","title":{"rendered":"Contato"},"content":{"rendered":"\t\t<div data-elementor-type=\"wp-page\" data-elementor-id=\"1674\" class=\"elementor elementor-1674\" data-elementor-post-type=\"page\">\n\t\t\t\t\t\t<section class=\"elementor-section elementor-top-section elementor-element elementor-element-e215282 elementor-section-boxed elementor-section-height-default elementor-section-height-default\" data-id=\"e215282\" data-element_type=\"section\" data-e-type=\"section\" data-settings=\"{&quot;background_background&quot;:&quot;classic&quot;}\">\n\t\t\t\t\t\t<div class=\"elementor-container elementor-column-gap-default\">\n\t\t\t\t\t<div class=\"elementor-column elementor-col-100 elementor-top-column elementor-element elementor-element-5f6ced9f\" data-id=\"5f6ced9f\" data-element_type=\"column\" data-e-type=\"column\">\n\t\t\t<div class=\"elementor-widget-wrap elementor-element-populated\">\n\t\t\t\t\t\t<div class=\"elementor-element elementor-element-750892ad elementor-widget elementor-widget-image\" data-id=\"750892ad\" data-element_type=\"widget\" data-e-type=\"widget\" data-widget_type=\"image.default\">\n\t\t\t\t<div class=\"elementor-widget-container\">\n\t\t\t\t\t\t\t\t\t\t\t\t<figure class=\"wp-caption\">\n\t\t\t\t\t\t\t\t\t\t<img fetchpriority=\"high\" decoding=\"async\" width=\"1024\" height=\"455\" src=\"https:\/\/symbol.ind.br\/br\/wp-content\/uploads\/2021\/07\/contato_ok-1024x455.png\" class=\"attachment-large size-large wp-image-1741\" alt=\"\" srcset=\"https:\/\/symbol.ind.br\/br\/wp-content\/uploads\/2021\/07\/contato_ok-1024x455.png 1024w, https:\/\/symbol.ind.br\/br\/wp-content\/uploads\/2021\/07\/contato_ok-300x133.png 300w, https:\/\/symbol.ind.br\/br\/wp-content\/uploads\/2021\/07\/contato_ok-768x341.png 768w, https:\/\/symbol.ind.br\/br\/wp-content\/uploads\/2021\/07\/contato_ok-1536x682.png 1536w, https:\/\/symbol.ind.br\/br\/wp-content\/uploads\/2021\/07\/contato_ok.png 1920w\" sizes=\"(max-width: 1024px) 100vw, 1024px\" \/>\t\t\t\t\t\t\t\t\t\t\t<figcaption class=\"widget-image-caption wp-caption-text\"><\/figcaption>\n\t\t\t\t\t\t\t\t\t\t<\/figure>\n\t\t\t\t\t\t\t\t\t<\/div>\n\t\t\t\t<\/div>\n\t\t\t\t\t<\/div>\n\t\t<\/div>\n\t\t\t\t\t<\/div>\n\t\t<\/section>\n\t\t\t\t<section class=\"elementor-section elementor-top-section elementor-element elementor-element-43202c68 elementor-section-boxed elementor-section-height-default elementor-section-height-default\" data-id=\"43202c68\" data-element_type=\"section\" data-e-type=\"section\">\n\t\t\t\t\t\t<div class=\"elementor-container elementor-column-gap-default\">\n\t\t\t\t\t<div class=\"elementor-column elementor-col-50 elementor-top-column elementor-element elementor-element-733b3dc4\" data-id=\"733b3dc4\" data-element_type=\"column\" data-e-type=\"column\">\n\t\t\t<div class=\"elementor-widget-wrap elementor-element-populated\">\n\t\t\t\t\t\t<div class=\"elementor-element elementor-element-98042f4 elementor-widget elementor-widget-text-editor\" data-id=\"98042f4\" data-element_type=\"widget\" data-e-type=\"widget\" data-widget_type=\"text-editor.default\">\n\t\t\t\t<div class=\"elementor-widget-container\">\n\t\t\t\t\t\t\t\t\t<p><strong>Para d\u00favidas, sugest\u00f5es ou reclama\u00e7\u00f5es, use um dos nossos canais e surpreenda-se com o atendimento personalizado. <\/strong><strong>Se preferir, fa\u00e7a-nos uma visita. O cafezinho est\u00e1 sempre quente!<\/strong><\/p><p>Nosso hor\u00e1rio de funcionamento \u00e9 de segunda a sexta, das 7h30 \u00e0s 17h00.<br \/>Pedimos gentilmente para evitar o hor\u00e1rio entre 11h30 e 13h00, pois o atendimento poder\u00e1 ser prejudicado.<br \/>As mensagens de e-mail ser\u00e3o respondidas em at\u00e9 duas horas, dentro do hor\u00e1rio comercial ou no primeiro hor\u00e1rio do dia \u00fatil seguinte. <strong>Sim, nosso atendimento on line funciona! \ud83d\ude09<\/strong><\/p>\t\t\t\t\t\t\t\t<\/div>\n\t\t\t\t<\/div>\n\t\t\t\t\t<\/div>\n\t\t<\/div>\n\t\t\t\t<div class=\"elementor-column elementor-col-50 elementor-top-column elementor-element elementor-element-44e844c\" data-id=\"44e844c\" data-element_type=\"column\" data-e-type=\"column\">\n\t\t\t<div class=\"elementor-widget-wrap elementor-element-populated\">\n\t\t\t\t\t\t<div class=\"elementor-element elementor-element-347fdc6 elementor-widget elementor-widget-shortcode\" data-id=\"347fdc6\" data-element_type=\"widget\" data-e-type=\"widget\" data-widget_type=\"shortcode.default\">\n\t\t\t\t<div class=\"elementor-widget-container\">\n\t\t\t\t\t\t\t<div class=\"elementor-shortcode\"><div class=\"wpforms-container wpforms-container-full\" id=\"wpforms-2931\"><form id=\"wpforms-form-2931\" class=\"wpforms-validate wpforms-form\" data-formid=\"2931\" method=\"post\" enctype=\"multipart\/form-data\" action=\"\/br\/wp-json\/wp\/v2\/pages\/1674\" data-token=\"5f6b54329b5381e8e3eaadbba874954c\" data-token-time=\"1776950945\"><noscript class=\"wpforms-error-noscript\">Ative o JavaScript no seu navegador para preencher este formul\u00e1rio.<\/noscript><div class=\"wpforms-field-container\"><div id=\"wpforms-2931-field_0-container\" class=\"wpforms-field wpforms-field-name\" data-field-id=\"0\"><label class=\"wpforms-field-label wpforms-label-hide\" for=\"wpforms-2931-field_0\">Nome <span class=\"wpforms-required-label\">*<\/span><\/label><input type=\"text\" id=\"wpforms-2931-field_0\" class=\"wpforms-field-large wpforms-field-required\" name=\"wpforms[fields][0]\" placeholder=\"Nome\" required><\/div><div id=\"wpforms-2931-field_1-container\" class=\"wpforms-field wpforms-field-email\" data-field-id=\"1\"><label class=\"wpforms-field-label wpforms-label-hide\" for=\"wpforms-2931-field_1\">E-mail <span class=\"wpforms-required-label\">*<\/span><\/label><input type=\"email\" id=\"wpforms-2931-field_1\" class=\"wpforms-field-large wpforms-field-required\" name=\"wpforms[fields][1]\" placeholder=\"E-mail\" spellcheck=\"false\" required><\/div><div id=\"wpforms-2931-field_3-container\" class=\"wpforms-field wpforms-field-number\" data-field-id=\"3\"><label class=\"wpforms-field-label wpforms-label-hide\" for=\"wpforms-2931-field_3\">Telefone <span class=\"wpforms-required-label\">*<\/span><\/label><input type=\"number\" id=\"wpforms-2931-field_3\" class=\"wpforms-field-large wpforms-field-required\" name=\"wpforms[fields][3]\" placeholder=\"Telefone\" step=\"any\" required><\/div><div id=\"wpforms-2931-field_2-container\" class=\"wpforms-field wpforms-field-textarea\" data-field-id=\"2\"><label class=\"wpforms-field-label wpforms-label-hide\" for=\"wpforms-2931-field_2\">Mensagem <span class=\"wpforms-required-label\">*<\/span><\/label><textarea id=\"wpforms-2931-field_2\" class=\"wpforms-field-large wpforms-field-required\" name=\"wpforms[fields][2]\" placeholder=\"Mensagem\" required><\/textarea><\/div><\/div><!-- .wpforms-field-container --><div class=\"wpforms-recaptcha-container wpforms-is-recaptcha wpforms-is-recaptcha-type-invisible\" ><div class=\"g-recaptcha\" data-sitekey=\"6Lf7abQlAAAAABsfTi83pow3vbrslsBC0vvPrSAr\" data-size=\"invisible\"><\/div><\/div><div class=\"wpforms-submit-container\" ><input type=\"hidden\" name=\"wpforms[id]\" value=\"2931\"><input type=\"hidden\" name=\"page_title\" value=\"\"><input type=\"hidden\" name=\"page_url\" value=\"https:\/\/symbol.ind.br\/br\/wp-json\/wp\/v2\/pages\/1674\"><input type=\"hidden\" name=\"url_referer\" value=\"\"><button type=\"submit\" name=\"wpforms[submit]\" id=\"wpforms-submit-2931\" class=\"wpforms-submit\" data-alt-text=\"Enviando...\" data-submit-text=\"Enviar\" aria-live=\"assertive\" value=\"wpforms-submit\">Enviar<\/button><\/div><\/form><\/div>  <!-- .wpforms-container --><\/div>\n\t\t\t\t\t\t<\/div>\n\t\t\t\t<\/div>\n\t\t\t\t\t<\/div>\n\t\t<\/div>\n\t\t\t\t\t<\/div>\n\t\t<\/section>\n\t\t\t\t<section class=\"elementor-section elementor-top-section elementor-element elementor-element-e9381d7 elementor-section-boxed elementor-section-height-default elementor-section-height-default\" data-id=\"e9381d7\" data-element_type=\"section\" data-e-type=\"section\">\n\t\t\t\t\t\t<div class=\"elementor-container elementor-column-gap-default\">\n\t\t\t\t\t<div class=\"elementor-column elementor-col-100 elementor-top-column elementor-element elementor-element-9f82c83\" data-id=\"9f82c83\" data-element_type=\"column\" data-e-type=\"column\">\n\t\t\t<div class=\"elementor-widget-wrap elementor-element-populated\">\n\t\t\t\t\t\t<div class=\"elementor-element elementor-element-7d92eec elementor-widget elementor-widget-google_maps\" data-id=\"7d92eec\" data-element_type=\"widget\" data-e-type=\"widget\" data-widget_type=\"google_maps.default\">\n\t\t\t\t<div class=\"elementor-widget-container\">\n\t\t\t\t\t\t\t<div class=\"elementor-custom-embed\">\n\t\t\t<iframe loading=\"lazy\"\n\t\t\t\t\tsrc=\"https:\/\/maps.google.com\/maps?q=Rua%20Jos%C3%A9%20Ramos%20da%20Paix%C3%A3o%2C%20652&#038;t=m&#038;z=10&#038;output=embed&#038;iwloc=near\"\n\t\t\t\t\ttitle=\"Rua Jos\u00e9 Ramos da Paix\u00e3o, 652\"\n\t\t\t\t\taria-label=\"Rua Jos\u00e9 Ramos da Paix\u00e3o, 652\"\n\t\t\t><\/iframe>\n\t\t<\/div>\n\t\t\t\t\t\t<\/div>\n\t\t\t\t<\/div>\n\t\t\t\t\t<\/div>\n\t\t<\/div>\n\t\t\t\t\t<\/div>\n\t\t<\/section>\n\t\t\t\t<section class=\"elementor-section elementor-top-section elementor-element elementor-element-262aea69 elementor-section-boxed elementor-section-height-default elementor-section-height-default\" data-id=\"262aea69\" data-element_type=\"section\" data-e-type=\"section\">\n\t\t\t\t\t\t<div class=\"elementor-container elementor-column-gap-default\">\n\t\t\t\t\t<div class=\"elementor-column elementor-col-100 elementor-top-column elementor-element elementor-element-d03347a\" data-id=\"d03347a\" data-element_type=\"column\" data-e-type=\"column\">\n\t\t\t<div class=\"elementor-widget-wrap elementor-element-populated\">\n\t\t\t\t\t\t<div class=\"elementor-element elementor-element-7b282be9 elementor-align-center elementor-widget elementor-widget-button\" data-id=\"7b282be9\" data-element_type=\"widget\" data-e-type=\"widget\" id=\"#topo\" data-widget_type=\"button.default\">\n\t\t\t\t<div class=\"elementor-widget-container\">\n\t\t\t\t\t\t\t\t\t<div class=\"elementor-button-wrapper\">\n\t\t\t\t\t<a class=\"elementor-button elementor-button-link elementor-size-xs\" href=\"#topo\">\n\t\t\t\t\t\t<span class=\"elementor-button-content-wrapper\">\n\t\t\t\t\t\t<span class=\"elementor-button-icon\">\n\t\t\t\t<i aria-hidden=\"true\" class=\"far fa-arrow-alt-circle-up\"><\/i>\t\t\t<\/span>\n\t\t\t\t\t\t\t\t\t<span class=\"elementor-button-text\">Voltar ao topo<\/span>\n\t\t\t\t\t<\/span>\n\t\t\t\t\t<\/a>\n\t\t\t\t<\/div>\n\t\t\t\t\t\t\t\t<\/div>\n\t\t\t\t<\/div>\n\t\t\t\t\t<\/div>\n\t\t<\/div>\n\t\t\t\t\t<\/div>\n\t\t<\/section>\n\t\t\t\t<\/div>\n\t\t","protected":false},"excerpt":{"rendered":"<p>Para d\u00favidas, sugest\u00f5es ou reclama\u00e7\u00f5es, use um dos nossos canais e surpreenda-se com o atendimento personalizado. Se preferir, fa\u00e7a-nos uma visita. O cafezinho est\u00e1 sempre quente! Nosso hor\u00e1rio de funcionamento \u00e9 de segunda a sexta, das 7h30 \u00e0s 17h00.Pedimos gentilmente para evitar o hor\u00e1rio entre 11h30 e 13h00, pois o atendimento poder\u00e1 ser prejudicado.As mensagens [&hellip;]<\/p>\n","protected":false},"author":1,"featured_media":17,"parent":0,"menu_order":0,"comment_status":"closed","ping_status":"closed","template":"elementor_header_footer","meta":{"footnotes":""},"class_list":["post-1674","page","type-page","status-publish","has-post-thumbnail","hentry","entry","has-media"],"_links":{"self":[{"href":"https:\/\/symbol.ind.br\/br\/wp-json\/wp\/v2\/pages\/1674","targetHints":{"allow":["GET"]}}],"collection":[{"href":"https:\/\/symbol.ind.br\/br\/wp-json\/wp\/v2\/pages"}],"about":[{"href":"https:\/\/symbol.ind.br\/br\/wp-json\/wp\/v2\/types\/page"}],"author":[{"embeddable":true,"href":"https:\/\/symbol.ind.br\/br\/wp-json\/wp\/v2\/users\/1"}],"replies":[{"embeddable":true,"href":"https:\/\/symbol.ind.br\/br\/wp-json\/wp\/v2\/comments?post=1674"}],"version-history":[{"count":189,"href":"https:\/\/symbol.ind.br\/br\/wp-json\/wp\/v2\/pages\/1674\/revisions"}],"predecessor-version":[{"id":4056,"href":"https:\/\/symbol.ind.br\/br\/wp-json\/wp\/v2\/pages\/1674\/revisions\/4056"}],"wp:featuredmedia":[{"embeddable":true,"href":"https:\/\/symbol.ind.br\/br\/wp-json\/wp\/v2\/media\/17"}],"wp:attachment":[{"href":"https:\/\/symbol.ind.br\/br\/wp-json\/wp\/v2\/media?parent=1674"}],"curies":[{"name":"wp","href":"https:\/\/api.w.org\/{rel}","templated":true}]}}