{"id":1296,"date":"2021-06-04T19:59:11","date_gmt":"2021-06-04T22:59:11","guid":{"rendered":"https:\/\/symbol.ind.br\/br\/?page_id=1296"},"modified":"2024-02-20T15:03:38","modified_gmt":"2024-02-20T18:03:38","slug":"suporte","status":"publish","type":"page","link":"https:\/\/symbol.ind.br\/br\/suporte\/","title":{"rendered":"Suporte"},"content":{"rendered":"\t\t<div data-elementor-type=\"wp-page\" data-elementor-id=\"1296\" class=\"elementor elementor-1296\" data-elementor-post-type=\"page\">\n\t\t\t\t\t\t<section class=\"elementor-section elementor-top-section elementor-element elementor-element-782b8b6 elementor-section-boxed elementor-section-height-default elementor-section-height-default\" data-id=\"782b8b6\" data-element_type=\"section\" data-e-type=\"section\" data-settings=\"{&quot;background_background&quot;:&quot;classic&quot;}\">\n\t\t\t\t\t\t<div class=\"elementor-container elementor-column-gap-default\">\n\t\t\t\t\t<div class=\"elementor-column elementor-col-100 elementor-top-column elementor-element elementor-element-771c663\" data-id=\"771c663\" data-element_type=\"column\" data-e-type=\"column\">\n\t\t\t<div class=\"elementor-widget-wrap elementor-element-populated\">\n\t\t\t\t\t\t<div class=\"elementor-element elementor-element-39fd173 elementor-widget elementor-widget-heading\" data-id=\"39fd173\" data-element_type=\"widget\" data-e-type=\"widget\" data-widget_type=\"heading.default\">\n\t\t\t\t<div class=\"elementor-widget-container\">\n\t\t\t\t\t<h2 class=\"elementor-heading-title elementor-size-default\">Como enviar o seu equipamento para manuten\u00e7\u00e3o<\/h2>\t\t\t\t<\/div>\n\t\t\t\t<\/div>\n\t\t\t\t\t<\/div>\n\t\t<\/div>\n\t\t\t\t\t<\/div>\n\t\t<\/section>\n\t\t\t\t<section class=\"elementor-section elementor-top-section elementor-element elementor-element-5c117bb elementor-section-boxed elementor-section-height-default elementor-section-height-default\" data-id=\"5c117bb\" data-element_type=\"section\" data-e-type=\"section\" data-settings=\"{&quot;background_background&quot;:&quot;classic&quot;}\">\n\t\t\t\t\t\t<div class=\"elementor-container elementor-column-gap-default\">\n\t\t\t\t\t<div class=\"elementor-column elementor-col-100 elementor-top-column elementor-element elementor-element-06f5460\" data-id=\"06f5460\" data-element_type=\"column\" data-e-type=\"column\">\n\t\t\t<div class=\"elementor-widget-wrap elementor-element-populated\">\n\t\t\t\t\t\t<div class=\"elementor-element elementor-element-c2f7490 elementor-widget elementor-widget-text-editor\" data-id=\"c2f7490\" data-element_type=\"widget\" data-e-type=\"widget\" data-widget_type=\"text-editor.default\">\n\t\t\t\t<div class=\"elementor-widget-container\">\n\t\t\t\t\t\t\t\t\t<p>Como a maioria das empresas de transporte rodovi\u00e1rio aceita remessas com embalagem original do fabricante ou do remetente, considere as seguintes normas para garantir que sua remessa seja transportada de maneira segura.<\/p><p>Para informa\u00e7\u00f5es adicionais ou assist\u00eancia, por favor, entre em contato com o <strong>Servi\u00e7o de Atendimento ao Cliente Symbol<\/strong> nos telefones abaixo:<\/p><p><strong>+55 19 3864 2100 <\/strong>ou <strong>+55 19 3854 1859<\/strong><\/p><p>O <strong>SAC Symbol<\/strong> est\u00e1 apto para auxili\u00e1-lo com os detalhes sobre o peso m\u00e1ximo dos itens embalados.<\/p><p><strong>Embalagens apropriadas<br \/><\/strong>\u2022 Retire todo e qualquer tipo de l\u00edquido ou \u00f3leo do equipamento, evitando danos \u00e0 carga &#8211; no caso de tombamento da embalagem &#8211; ou poss\u00edveis multas geradas pelas empresas de transporte.<br \/>\u2022 Verifique a especifica\u00e7\u00e3o sobre o peso da embalagem e n\u00e3o exceda este limite.<br \/>\u2022 Certifique-se de que a embalagem n\u00e3o esteja danificada de modo algum.<\/p><p><strong>Aten\u00e7\u00e3o! Caso sua carga tenha peso igual ou superior a 50 Kg, \u00e9 obrigat\u00f3rio que a embalagem tenha fundo de madeira preparado para paleteira, independentemente da embalagem ser de papel\u00e3o ou madeira. Esta determina\u00e7\u00e3o se faz necess\u00e1ria conforme normas e regras dos sindicatos das empresas de transporte rodovi\u00e1rio.<\/strong><\/p>\t\t\t\t\t\t\t\t<\/div>\n\t\t\t\t<\/div>\n\t\t\t\t\t<\/div>\n\t\t<\/div>\n\t\t\t\t\t<\/div>\n\t\t<\/section>\n\t\t\t\t<section class=\"elementor-section elementor-top-section elementor-element elementor-element-ca08415 elementor-section-boxed elementor-section-height-default elementor-section-height-default\" data-id=\"ca08415\" data-element_type=\"section\" data-e-type=\"section\" data-settings=\"{&quot;background_background&quot;:&quot;classic&quot;}\">\n\t\t\t\t\t\t<div class=\"elementor-container elementor-column-gap-default\">\n\t\t\t\t\t<div class=\"elementor-column elementor-col-100 elementor-top-column elementor-element elementor-element-f674abd\" data-id=\"f674abd\" data-element_type=\"column\" data-e-type=\"column\">\n\t\t\t<div class=\"elementor-widget-wrap elementor-element-populated\">\n\t\t\t\t\t\t<div class=\"elementor-element elementor-element-a012df5 elementor-widget elementor-widget-heading\" data-id=\"a012df5\" data-element_type=\"widget\" data-e-type=\"widget\" data-widget_type=\"heading.default\">\n\t\t\t\t<div class=\"elementor-widget-container\">\n\t\t\t\t\t<h2 class=\"elementor-heading-title elementor-size-default\">Instru\u00e7\u00f5es gerais<\/h2>\t\t\t\t<\/div>\n\t\t\t\t<\/div>\n\t\t\t\t\t<\/div>\n\t\t<\/div>\n\t\t\t\t\t<\/div>\n\t\t<\/section>\n\t\t\t\t<section class=\"elementor-section elementor-top-section elementor-element elementor-element-14fcae31 elementor-section-boxed elementor-section-height-default elementor-section-height-default\" data-id=\"14fcae31\" data-element_type=\"section\" data-e-type=\"section\" data-settings=\"{&quot;background_background&quot;:&quot;classic&quot;}\">\n\t\t\t\t\t\t<div class=\"elementor-container elementor-column-gap-default\">\n\t\t\t\t\t<div class=\"elementor-column elementor-col-100 elementor-top-column elementor-element elementor-element-36b40167\" data-id=\"36b40167\" data-element_type=\"column\" data-e-type=\"column\">\n\t\t\t<div class=\"elementor-widget-wrap elementor-element-populated\">\n\t\t\t\t\t\t<div class=\"elementor-element elementor-element-1578b2c5 elementor-widget elementor-widget-text-editor\" data-id=\"1578b2c5\" data-element_type=\"widget\" data-e-type=\"widget\" data-widget_type=\"text-editor.default\">\n\t\t\t\t<div class=\"elementor-widget-container\">\n\t\t\t\t\t\t\t\t\t<p><strong>Seguindo estas simples orienta\u00e7\u00f5es, o seu equipamento chegar\u00e1 sem avarias ao destino, agilizando o conserto e minimizando os custos.<\/strong><\/p>\t\t\t\t\t\t\t\t<\/div>\n\t\t\t\t<\/div>\n\t\t\t\t\t<\/div>\n\t\t<\/div>\n\t\t\t\t\t<\/div>\n\t\t<\/section>\n\t\t\t\t<section class=\"elementor-section elementor-top-section elementor-element elementor-element-3e897529 elementor-section-boxed elementor-section-height-default elementor-section-height-default\" data-id=\"3e897529\" data-element_type=\"section\" data-e-type=\"section\">\n\t\t\t\t\t\t<div class=\"elementor-container elementor-column-gap-default\">\n\t\t\t\t\t<div class=\"elementor-column elementor-col-16 elementor-top-column elementor-element elementor-element-3b59b4ba\" data-id=\"3b59b4ba\" data-element_type=\"column\" data-e-type=\"column\">\n\t\t\t<div class=\"elementor-widget-wrap elementor-element-populated\">\n\t\t\t\t\t\t<div class=\"elementor-element elementor-element-72ab60a7 elementor-position-top elementor-widget elementor-widget-image-box\" data-id=\"72ab60a7\" data-element_type=\"widget\" data-e-type=\"widget\" data-settings=\"{&quot;_animation&quot;:&quot;none&quot;}\" data-widget_type=\"image-box.default\">\n\t\t\t\t<div class=\"elementor-widget-container\">\n\t\t\t\t\t<div class=\"elementor-image-box-wrapper\"><figure class=\"elementor-image-box-img\"><img decoding=\"async\" width=\"201\" height=\"201\" src=\"https:\/\/symbol.ind.br\/br\/wp-content\/uploads\/2021\/11\/suporte_1.png\" class=\"elementor-animation-wobble-vertical attachment-full size-full wp-image-2685\" alt=\"\" srcset=\"https:\/\/symbol.ind.br\/br\/wp-content\/uploads\/2021\/11\/suporte_1.png 201w, https:\/\/symbol.ind.br\/br\/wp-content\/uploads\/2021\/11\/suporte_1-150x150.png 150w\" sizes=\"(max-width: 201px) 100vw, 201px\" \/><\/figure><div class=\"elementor-image-box-content\"><p class=\"elementor-image-box-description\">Caixas externas devem ser fabricadas com material r\u00edgido e \u00e0 prova de rasgos.<\/p><\/div><\/div>\t\t\t\t<\/div>\n\t\t\t\t<\/div>\n\t\t\t\t\t<\/div>\n\t\t<\/div>\n\t\t\t\t<div class=\"elementor-column elementor-col-16 elementor-top-column elementor-element elementor-element-6a856087\" data-id=\"6a856087\" data-element_type=\"column\" data-e-type=\"column\">\n\t\t\t<div class=\"elementor-widget-wrap elementor-element-populated\">\n\t\t\t\t\t\t<div class=\"elementor-element elementor-element-1a542fbd elementor-position-top elementor-widget elementor-widget-image-box\" data-id=\"1a542fbd\" data-element_type=\"widget\" data-e-type=\"widget\" data-settings=\"{&quot;_animation&quot;:&quot;none&quot;}\" data-widget_type=\"image-box.default\">\n\t\t\t\t<div class=\"elementor-widget-container\">\n\t\t\t\t\t<div class=\"elementor-image-box-wrapper\"><figure class=\"elementor-image-box-img\"><img decoding=\"async\" width=\"201\" height=\"201\" src=\"https:\/\/symbol.ind.br\/br\/wp-content\/uploads\/2021\/11\/suporte_2.png\" class=\"elementor-animation-wobble-vertical attachment-full size-full wp-image-2686\" alt=\"\" srcset=\"https:\/\/symbol.ind.br\/br\/wp-content\/uploads\/2021\/11\/suporte_2.png 201w, https:\/\/symbol.ind.br\/br\/wp-content\/uploads\/2021\/11\/suporte_2-150x150.png 150w\" sizes=\"(max-width: 201px) 100vw, 201px\" \/><\/figure><div class=\"elementor-image-box-content\"><p class=\"elementor-image-box-description\">Coloque uma camada de amortecimento no fundo da caixa, como isopor ou espuma. Isso evita danos durante os transbordos de carga e descarga at\u00e9 a entrega na <b>Symbol.<\/b><\/p><\/div><\/div>\t\t\t\t<\/div>\n\t\t\t\t<\/div>\n\t\t\t\t\t<\/div>\n\t\t<\/div>\n\t\t\t\t<div class=\"elementor-column elementor-col-16 elementor-top-column elementor-element elementor-element-78cbe8a\" data-id=\"78cbe8a\" data-element_type=\"column\" data-e-type=\"column\">\n\t\t\t<div class=\"elementor-widget-wrap elementor-element-populated\">\n\t\t\t\t\t\t<div class=\"elementor-element elementor-element-6b8952e elementor-position-top elementor-widget elementor-widget-image-box\" data-id=\"6b8952e\" data-element_type=\"widget\" data-e-type=\"widget\" data-settings=\"{&quot;_animation&quot;:&quot;none&quot;}\" data-widget_type=\"image-box.default\">\n\t\t\t\t<div class=\"elementor-widget-container\">\n\t\t\t\t\t<div class=\"elementor-image-box-wrapper\"><figure class=\"elementor-image-box-img\"><img decoding=\"async\" width=\"200\" height=\"201\" src=\"https:\/\/symbol.ind.br\/br\/wp-content\/uploads\/2021\/11\/suporte_3.png\" class=\"elementor-animation-wobble-vertical attachment-full size-full wp-image-2687\" alt=\"\" srcset=\"https:\/\/symbol.ind.br\/br\/wp-content\/uploads\/2021\/11\/suporte_3.png 200w, https:\/\/symbol.ind.br\/br\/wp-content\/uploads\/2021\/11\/suporte_3-150x150.png 150w\" sizes=\"(max-width: 200px) 100vw, 200px\" \/><\/figure><div class=\"elementor-image-box-content\"><p class=\"elementor-image-box-description\">Certifique-se de que n\u00e3o existam pontas agudas ou bordas salientes, evitando risco de acidentes com os funcion\u00e1rios das transportadoras ou da <b>Symbol.<\/b><\/p><\/div><\/div>\t\t\t\t<\/div>\n\t\t\t\t<\/div>\n\t\t\t\t\t<\/div>\n\t\t<\/div>\n\t\t\t\t<div class=\"elementor-column elementor-col-16 elementor-top-column elementor-element elementor-element-936b8b4\" data-id=\"936b8b4\" data-element_type=\"column\" data-e-type=\"column\">\n\t\t\t<div class=\"elementor-widget-wrap elementor-element-populated\">\n\t\t\t\t\t\t<div class=\"elementor-element elementor-element-d5bff62 elementor-position-top elementor-widget elementor-widget-image-box\" data-id=\"d5bff62\" data-element_type=\"widget\" data-e-type=\"widget\" data-settings=\"{&quot;_animation&quot;:&quot;none&quot;}\" data-widget_type=\"image-box.default\">\n\t\t\t\t<div class=\"elementor-widget-container\">\n\t\t\t\t\t<div class=\"elementor-image-box-wrapper\"><figure class=\"elementor-image-box-img\"><img loading=\"lazy\" decoding=\"async\" width=\"201\" height=\"201\" src=\"https:\/\/symbol.ind.br\/br\/wp-content\/uploads\/2021\/11\/suporte_4.png\" class=\"elementor-animation-wobble-vertical attachment-full size-full wp-image-2688\" alt=\"\" srcset=\"https:\/\/symbol.ind.br\/br\/wp-content\/uploads\/2021\/11\/suporte_4.png 201w, https:\/\/symbol.ind.br\/br\/wp-content\/uploads\/2021\/11\/suporte_4-150x150.png 150w\" sizes=\"(max-width: 201px) 100vw, 201px\" \/><\/figure><div class=\"elementor-image-box-content\"><p class=\"elementor-image-box-description\">Itens com superf\u00edcies que podem ser marcadas ou facilmente danificadas pelo manuseio normal devem ser devidamente protegidos e encaixotados.<\/p><\/div><\/div>\t\t\t\t<\/div>\n\t\t\t\t<\/div>\n\t\t\t\t\t<\/div>\n\t\t<\/div>\n\t\t\t\t<div class=\"elementor-column elementor-col-16 elementor-top-column elementor-element elementor-element-f5c2375\" data-id=\"f5c2375\" data-element_type=\"column\" data-e-type=\"column\">\n\t\t\t<div class=\"elementor-widget-wrap elementor-element-populated\">\n\t\t\t\t\t\t<div class=\"elementor-element elementor-element-37e3b10 elementor-position-top elementor-widget elementor-widget-image-box\" data-id=\"37e3b10\" data-element_type=\"widget\" data-e-type=\"widget\" data-settings=\"{&quot;_animation&quot;:&quot;none&quot;}\" data-widget_type=\"image-box.default\">\n\t\t\t\t<div class=\"elementor-widget-container\">\n\t\t\t\t\t<div class=\"elementor-image-box-wrapper\"><figure class=\"elementor-image-box-img\"><img loading=\"lazy\" decoding=\"async\" width=\"201\" height=\"201\" src=\"https:\/\/symbol.ind.br\/br\/wp-content\/uploads\/2021\/11\/suporte_5.png\" class=\"elementor-animation-wobble-vertical attachment-full size-full wp-image-2689\" alt=\"\" srcset=\"https:\/\/symbol.ind.br\/br\/wp-content\/uploads\/2021\/11\/suporte_5.png 201w, https:\/\/symbol.ind.br\/br\/wp-content\/uploads\/2021\/11\/suporte_5-150x150.png 150w\" sizes=\"(max-width: 201px) 100vw, 201px\" \/><\/figure><div class=\"elementor-image-box-content\"><p class=\"elementor-image-box-description\">Coloque uma etiqueta com os dados do remetente e do destinat\u00e1rio tanto na carga quanto na embalagem, pois isso facilita a identifica\u00e7\u00e3o e evita a troca de mercadorias pelas transportadoras.<\/p><\/div><\/div>\t\t\t\t<\/div>\n\t\t\t\t<\/div>\n\t\t\t\t\t<\/div>\n\t\t<\/div>\n\t\t\t\t<div class=\"elementor-column elementor-col-16 elementor-top-column elementor-element elementor-element-4d64ac6\" data-id=\"4d64ac6\" data-element_type=\"column\" data-e-type=\"column\">\n\t\t\t<div class=\"elementor-widget-wrap elementor-element-populated\">\n\t\t\t\t\t\t<div class=\"elementor-element elementor-element-ff52653 elementor-position-top elementor-widget elementor-widget-image-box\" data-id=\"ff52653\" data-element_type=\"widget\" data-e-type=\"widget\" data-settings=\"{&quot;_animation&quot;:&quot;none&quot;}\" data-widget_type=\"image-box.default\">\n\t\t\t\t<div class=\"elementor-widget-container\">\n\t\t\t\t\t<div class=\"elementor-image-box-wrapper\"><figure class=\"elementor-image-box-img\"><img loading=\"lazy\" decoding=\"async\" width=\"201\" height=\"201\" src=\"https:\/\/symbol.ind.br\/br\/wp-content\/uploads\/2021\/11\/suporte_6.png\" class=\"elementor-animation-wobble-vertical attachment-full size-full wp-image-2690\" alt=\"\" srcset=\"https:\/\/symbol.ind.br\/br\/wp-content\/uploads\/2021\/11\/suporte_6.png 201w, https:\/\/symbol.ind.br\/br\/wp-content\/uploads\/2021\/11\/suporte_6-150x150.png 150w\" sizes=\"(max-width: 201px) 100vw, 201px\" \/><\/figure><div class=\"elementor-image-box-content\"><p class=\"elementor-image-box-description\">Quando estiver fechando as caixas com fita adesiva, coloque um cord\u00e3o ou fita sobre a emenda e duas outras tiras nas laterais como refor\u00e7o.<\/p><\/div><\/div>\t\t\t\t<\/div>\n\t\t\t\t<\/div>\n\t\t\t\t\t<\/div>\n\t\t<\/div>\n\t\t\t\t\t<\/div>\n\t\t<\/section>\n\t\t\t\t<section class=\"elementor-section elementor-top-section elementor-element elementor-element-273d97a elementor-section-boxed elementor-section-height-default elementor-section-height-default\" data-id=\"273d97a\" data-element_type=\"section\" data-e-type=\"section\" data-settings=\"{&quot;background_background&quot;:&quot;classic&quot;}\">\n\t\t\t\t\t\t<div class=\"elementor-container elementor-column-gap-default\">\n\t\t\t\t\t<div class=\"elementor-column elementor-col-100 elementor-top-column elementor-element elementor-element-4935266\" data-id=\"4935266\" data-element_type=\"column\" data-e-type=\"column\">\n\t\t\t<div class=\"elementor-widget-wrap elementor-element-populated\">\n\t\t\t\t\t\t<div class=\"elementor-element elementor-element-79b5a28 elementor-widget elementor-widget-heading\" data-id=\"79b5a28\" data-element_type=\"widget\" data-e-type=\"widget\" data-widget_type=\"heading.default\">\n\t\t\t\t<div class=\"elementor-widget-container\">\n\t\t\t\t\t<h2 class=\"elementor-heading-title elementor-size-default\">Verifique conforme a sequ\u00eancia abaixo<\/h2>\t\t\t\t<\/div>\n\t\t\t\t<\/div>\n\t\t\t\t\t<\/div>\n\t\t<\/div>\n\t\t\t\t\t<\/div>\n\t\t<\/section>\n\t\t\t\t<section class=\"elementor-section elementor-top-section elementor-element elementor-element-88bf74a elementor-section-boxed elementor-section-height-default elementor-section-height-default\" data-id=\"88bf74a\" data-element_type=\"section\" data-e-type=\"section\" data-settings=\"{&quot;background_background&quot;:&quot;classic&quot;}\">\n\t\t\t\t\t\t<div class=\"elementor-container elementor-column-gap-default\">\n\t\t\t\t\t<div class=\"elementor-column elementor-col-100 elementor-top-column elementor-element elementor-element-39ebdba\" data-id=\"39ebdba\" data-element_type=\"column\" data-e-type=\"column\">\n\t\t\t<div class=\"elementor-widget-wrap elementor-element-populated\">\n\t\t\t\t\t\t<div class=\"elementor-element elementor-element-04e737d elementor-widget elementor-widget-text-editor\" data-id=\"04e737d\" data-element_type=\"widget\" data-e-type=\"widget\" data-widget_type=\"text-editor.default\">\n\t\t\t\t<div class=\"elementor-widget-container\">\n\t\t\t\t\t\t\t\t\t<p><strong>1. Embalando o seu produto<\/strong><br \/>Coloque dentro da embalagem o telefone, o e-mail e o nome da pessoa para contato, assim nossos funcion\u00e1rios podem apresentar o laudo e o or\u00e7amento de repara\u00e7\u00e3o do equipamento com maior rapidez.<strong> Este procedimento \u00e9 muito importante!<\/strong><\/p><p><strong>2. Tipo da embalagem<\/strong><br \/>N\u00e3o reutilize embalagens de papel\u00e3o, pois elas normalmente perdem at\u00e9 60% de sua resist\u00eancia ap\u00f3s a abertura e o fechamento.<\/p><p><strong>3. L\u00edquidos do equipamento<\/strong><br \/>Retire todo e qualquer l\u00edquido do seu equipamento.<\/p><p><strong>4. Nota Fiscal para remessa<\/strong><br \/>Emita uma nota fiscal de remessa para conserto e solicite a coleta junto a uma transportadora. Em caso de d\u00favidas, contate nossos consultores, eles ter\u00e3o prazer em auxili\u00e1-lo.<\/p>\t\t\t\t\t\t\t\t<\/div>\n\t\t\t\t<\/div>\n\t\t\t\t\t<\/div>\n\t\t<\/div>\n\t\t\t\t\t<\/div>\n\t\t<\/section>\n\t\t\t\t<section class=\"elementor-section elementor-top-section elementor-element elementor-element-63ffccb elementor-section-boxed elementor-section-height-default elementor-section-height-default\" data-id=\"63ffccb\" data-element_type=\"section\" data-e-type=\"section\" data-settings=\"{&quot;background_background&quot;:&quot;classic&quot;}\">\n\t\t\t\t\t\t<div class=\"elementor-container elementor-column-gap-default\">\n\t\t\t\t\t<div class=\"elementor-column elementor-col-100 elementor-top-column elementor-element elementor-element-e56d8f7\" data-id=\"e56d8f7\" data-element_type=\"column\" data-e-type=\"column\">\n\t\t\t<div class=\"elementor-widget-wrap elementor-element-populated\">\n\t\t\t\t\t\t<div class=\"elementor-element elementor-element-e04da7d elementor-widget elementor-widget-heading\" data-id=\"e04da7d\" data-element_type=\"widget\" data-e-type=\"widget\" data-widget_type=\"heading.default\">\n\t\t\t\t<div class=\"elementor-widget-container\">\n\t\t\t\t\t<h2 class=\"elementor-heading-title elementor-size-default\">Perguntas + Respostas<\/h2>\t\t\t\t<\/div>\n\t\t\t\t<\/div>\n\t\t\t\t\t<\/div>\n\t\t<\/div>\n\t\t\t\t\t<\/div>\n\t\t<\/section>\n\t\t\t\t<section class=\"elementor-section elementor-top-section elementor-element elementor-element-6794f8b elementor-section-boxed elementor-section-height-default elementor-section-height-default\" data-id=\"6794f8b\" data-element_type=\"section\" data-e-type=\"section\" data-settings=\"{&quot;background_background&quot;:&quot;classic&quot;}\">\n\t\t\t\t\t\t<div class=\"elementor-container elementor-column-gap-default\">\n\t\t\t\t\t<div class=\"elementor-column elementor-col-100 elementor-top-column elementor-element elementor-element-ab84197\" data-id=\"ab84197\" data-element_type=\"column\" data-e-type=\"column\">\n\t\t\t<div class=\"elementor-widget-wrap elementor-element-populated\">\n\t\t\t\t\t\t<div class=\"elementor-element elementor-element-ea3af44 elementor-widget elementor-widget-text-editor\" data-id=\"ea3af44\" data-element_type=\"widget\" data-e-type=\"widget\" data-widget_type=\"text-editor.default\">\n\t\t\t\t<div class=\"elementor-widget-container\">\n\t\t\t\t\t\t\t\t\t<p><strong>Por qual companhia devo enviar o meu equipamento?<\/strong><br \/>Por qualquer transportador que atenda a sua cidade e o munic\u00edpio de Sumar\u00e9 (SP). Muitos transportadores do Nordeste trazem mercadorias apenas at\u00e9 o Polo de Distribui\u00e7\u00e3o de Guarulhos (SP), causando despesas extras de redespacho para Sumar\u00e9 (SP). Evite isso, contate-nos para mais informa\u00e7\u00f5es.<\/p><p><strong>Posso enviar meu equipamento sem embalagem?<\/strong><br \/>N\u00e3o! Todos os equipamentos devem ser embalados, garantindo que os mesmos cheguem em condi\u00e7\u00f5es semelhantes \u00e0s de entrega para a transportadora.<\/p><p><strong>Posso enviar minha bomba com \u00f3leo lubrificante?<\/strong><br \/>N\u00e3o! Todo e qualquer l\u00edquido deve ser retirado, evitando risco de estragar outras mercadorias no caminh\u00e3o e despesas desnecess\u00e1rias com multas aplicadas tanto pela companhia transportadora, quanto pelos \u00f3rg\u00e3os de fiscaliza\u00e7\u00e3o competentes.<\/p><p><strong>\u00c9 necess\u00e1rio enviar nota fiscal de compra junto com o equipamento?<\/strong><br \/>N\u00e3o \u00e9 necess\u00e1rio enviar nota fiscal de compra.<\/p><p><strong>Qual tipo de nota fiscal devo emitir para acompanhar o equipamento?<\/strong><br \/>\u00c9 necess\u00e1rio emitir uma nota fiscal de remessa para conserto. Consulte seu departamento cont\u00e1bil para saber como proceder. Em caso de d\u00favidas, fale conosco.<\/p><p><strong>Qual valor devo colocar na nota fiscal?<\/strong><br \/>Em caso de acidente de transporte, sua empresa ser\u00e1 indenizada pelo valor apresentado na nota fiscal. Em caso de d\u00favida, entre em contato conosco que teremos prazer em orient\u00e1-lo.<\/p>\t\t\t\t\t\t\t\t<\/div>\n\t\t\t\t<\/div>\n\t\t\t\t\t<\/div>\n\t\t<\/div>\n\t\t\t\t\t<\/div>\n\t\t<\/section>\n\t\t\t\t<section class=\"elementor-section elementor-top-section elementor-element elementor-element-5ecb0379 elementor-section-boxed elementor-section-height-default elementor-section-height-default\" data-id=\"5ecb0379\" data-element_type=\"section\" data-e-type=\"section\" id=\"#topo\">\n\t\t\t\t\t\t<div class=\"elementor-container elementor-column-gap-default\">\n\t\t\t\t\t<div class=\"elementor-column elementor-col-100 elementor-top-column elementor-element elementor-element-1b6d7e8b\" data-id=\"1b6d7e8b\" data-element_type=\"column\" data-e-type=\"column\">\n\t\t\t<div class=\"elementor-widget-wrap elementor-element-populated\">\n\t\t\t\t\t\t<div class=\"elementor-element elementor-element-12fa0a76 elementor-align-center elementor-widget elementor-widget-button\" data-id=\"12fa0a76\" data-element_type=\"widget\" data-e-type=\"widget\" data-widget_type=\"button.default\">\n\t\t\t\t<div class=\"elementor-widget-container\">\n\t\t\t\t\t\t\t\t\t<div class=\"elementor-button-wrapper\">\n\t\t\t\t\t<a class=\"elementor-button elementor-button-link elementor-size-xs\" href=\"#topo\">\n\t\t\t\t\t\t<span class=\"elementor-button-content-wrapper\">\n\t\t\t\t\t\t<span class=\"elementor-button-icon\">\n\t\t\t\t<i aria-hidden=\"true\" class=\"far fa-arrow-alt-circle-up\"><\/i>\t\t\t<\/span>\n\t\t\t\t\t\t\t\t\t<span class=\"elementor-button-text\">Voltar ao topo<\/span>\n\t\t\t\t\t<\/span>\n\t\t\t\t\t<\/a>\n\t\t\t\t<\/div>\n\t\t\t\t\t\t\t\t<\/div>\n\t\t\t\t<\/div>\n\t\t\t\t\t<\/div>\n\t\t<\/div>\n\t\t\t\t\t<\/div>\n\t\t<\/section>\n\t\t\t\t<\/div>\n\t\t","protected":false},"excerpt":{"rendered":"<p>Como enviar o seu equipamento para manuten\u00e7\u00e3o Como a maioria das empresas de transporte rodovi\u00e1rio aceita remessas com embalagem original do fabricante ou do remetente, considere as seguintes normas para garantir que sua remessa seja transportada de maneira segura. Para informa\u00e7\u00f5es adicionais ou assist\u00eancia, por favor, entre em contato com o Servi\u00e7o de Atendimento ao [&hellip;]<\/p>\n","protected":false},"author":1,"featured_media":17,"parent":0,"menu_order":0,"comment_status":"closed","ping_status":"closed","template":"elementor_header_footer","meta":{"footnotes":""},"class_list":["post-1296","page","type-page","status-publish","has-post-thumbnail","hentry","entry","has-media"],"_links":{"self":[{"href":"https:\/\/symbol.ind.br\/br\/wp-json\/wp\/v2\/pages\/1296","targetHints":{"allow":["GET"]}}],"collection":[{"href":"https:\/\/symbol.ind.br\/br\/wp-json\/wp\/v2\/pages"}],"about":[{"href":"https:\/\/symbol.ind.br\/br\/wp-json\/wp\/v2\/types\/page"}],"author":[{"embeddable":true,"href":"https:\/\/symbol.ind.br\/br\/wp-json\/wp\/v2\/users\/1"}],"replies":[{"embeddable":true,"href":"https:\/\/symbol.ind.br\/br\/wp-json\/wp\/v2\/comments?post=1296"}],"version-history":[{"count":244,"href":"https:\/\/symbol.ind.br\/br\/wp-json\/wp\/v2\/pages\/1296\/revisions"}],"predecessor-version":[{"id":4051,"href":"https:\/\/symbol.ind.br\/br\/wp-json\/wp\/v2\/pages\/1296\/revisions\/4051"}],"wp:featuredmedia":[{"embeddable":true,"href":"https:\/\/symbol.ind.br\/br\/wp-json\/wp\/v2\/media\/17"}],"wp:attachment":[{"href":"https:\/\/symbol.ind.br\/br\/wp-json\/wp\/v2\/media?parent=1296"}],"curies":[{"name":"wp","href":"https:\/\/api.w.org\/{rel}","templated":true}]}}