{"id":1138,"date":"2021-06-03T16:03:14","date_gmt":"2021-06-03T19:03:14","guid":{"rendered":"https:\/\/symbol.ind.br\/br\/?page_id=1138"},"modified":"2024-11-21T09:52:30","modified_gmt":"2024-11-21T12:52:30","slug":"locacao","status":"publish","type":"page","link":"https:\/\/symbol.ind.br\/br\/locacao\/","title":{"rendered":"Loca\u00e7\u00e3o"},"content":{"rendered":"\t\t<div data-elementor-type=\"wp-page\" data-elementor-id=\"1138\" class=\"elementor elementor-1138\" data-elementor-post-type=\"page\">\n\t\t\t\t\t\t<section class=\"elementor-section elementor-top-section elementor-element elementor-element-573b7537 elementor-section-boxed elementor-section-height-default elementor-section-height-default\" data-id=\"573b7537\" data-element_type=\"section\" data-e-type=\"section\" data-settings=\"{&quot;background_background&quot;:&quot;classic&quot;}\">\n\t\t\t\t\t\t<div class=\"elementor-container elementor-column-gap-default\">\n\t\t\t\t\t<div class=\"elementor-column elementor-col-100 elementor-top-column elementor-element elementor-element-288054a7\" data-id=\"288054a7\" data-element_type=\"column\" data-e-type=\"column\">\n\t\t\t<div class=\"elementor-widget-wrap elementor-element-populated\">\n\t\t\t\t\t\t<div class=\"elementor-element elementor-element-4c43012c elementor-widget elementor-widget-text-editor\" data-id=\"4c43012c\" data-element_type=\"widget\" data-e-type=\"widget\" data-widget_type=\"text-editor.default\">\n\t\t\t\t<div class=\"elementor-widget-container\">\n\t\t\t\t\t\t\t\t\t<p>Como fabricante de equipamentos e sistemas de v\u00e1cuo, a <strong>Symbol<\/strong> possui um departamento que cuida exclusivamente da loca\u00e7\u00e3o dos seus pr\u00f3prios produtos.<\/p>\n<p>Contate o departamento comercial e fale com um consultor especializado, informando sua necessidade, e ganhe agilidade em seu neg\u00f3cio, verificando custos e disponibilidade dos equipamentos para loca\u00e7\u00e3o.<\/p>\t\t\t\t\t\t\t\t<\/div>\n\t\t\t\t<\/div>\n\t\t\t\t\t<\/div>\n\t\t<\/div>\n\t\t\t\t\t<\/div>\n\t\t<\/section>\n\t\t\t\t<section class=\"elementor-section elementor-top-section elementor-element elementor-element-83ff6df elementor-section-boxed elementor-section-height-default elementor-section-height-default\" data-id=\"83ff6df\" data-element_type=\"section\" data-e-type=\"section\">\n\t\t\t\t\t\t<div class=\"elementor-container elementor-column-gap-default\">\n\t\t\t\t\t<div class=\"elementor-column elementor-col-33 elementor-top-column elementor-element elementor-element-1cae5790\" data-id=\"1cae5790\" data-element_type=\"column\" data-e-type=\"column\">\n\t\t\t<div class=\"elementor-widget-wrap elementor-element-populated\">\n\t\t\t\t\t\t<div class=\"elementor-element elementor-element-1083b83 elementor-position-top elementor-widget elementor-widget-image-box\" data-id=\"1083b83\" data-element_type=\"widget\" data-e-type=\"widget\" data-widget_type=\"image-box.default\">\n\t\t\t\t<div class=\"elementor-widget-container\">\n\t\t\t\t\t<div class=\"elementor-image-box-wrapper\"><figure class=\"elementor-image-box-img\"><img fetchpriority=\"high\" decoding=\"async\" width=\"1076\" height=\"1256\" src=\"https:\/\/symbol.ind.br\/br\/wp-content\/uploads\/2022\/05\/locacao_bomba.jpg\" class=\"elementor-animation-wobble-vertical attachment-full size-full wp-image-3565\" alt=\"\" srcset=\"https:\/\/symbol.ind.br\/br\/wp-content\/uploads\/2022\/05\/locacao_bomba.jpg 1076w, https:\/\/symbol.ind.br\/br\/wp-content\/uploads\/2022\/05\/locacao_bomba-257x300.jpg 257w, https:\/\/symbol.ind.br\/br\/wp-content\/uploads\/2022\/05\/locacao_bomba-877x1024.jpg 877w, https:\/\/symbol.ind.br\/br\/wp-content\/uploads\/2022\/05\/locacao_bomba-768x896.jpg 768w\" sizes=\"(max-width: 1076px) 100vw, 1076px\" \/><\/figure><div class=\"elementor-image-box-content\"><p class=\"elementor-image-box-description\">Projetadas para as mais diversas aplica\u00e7\u00f5es, as bombas de alto v\u00e1cuo <b>Symbol<\/b> proporcionam maiores desempenho e lucratividade para sua empresa.<\/p><\/div><\/div>\t\t\t\t<\/div>\n\t\t\t\t<\/div>\n\t\t\t\t\t<\/div>\n\t\t<\/div>\n\t\t\t\t<div class=\"elementor-column elementor-col-33 elementor-top-column elementor-element elementor-element-0a56f18\" data-id=\"0a56f18\" data-element_type=\"column\" data-e-type=\"column\">\n\t\t\t<div class=\"elementor-widget-wrap elementor-element-populated\">\n\t\t\t\t\t\t<div class=\"elementor-element elementor-element-4a0dd68 elementor-position-top elementor-widget elementor-widget-image-box\" data-id=\"4a0dd68\" data-element_type=\"widget\" data-e-type=\"widget\" data-widget_type=\"image-box.default\">\n\t\t\t\t<div class=\"elementor-widget-container\">\n\t\t\t\t\t<div class=\"elementor-image-box-wrapper\"><figure class=\"elementor-image-box-img\"><img decoding=\"async\" width=\"1076\" height=\"1256\" src=\"https:\/\/symbol.ind.br\/br\/wp-content\/uploads\/2022\/05\/locacao_seladora.jpg\" class=\"elementor-animation-wobble-vertical attachment-full size-full wp-image-3566\" alt=\"\" srcset=\"https:\/\/symbol.ind.br\/br\/wp-content\/uploads\/2022\/05\/locacao_seladora.jpg 1076w, https:\/\/symbol.ind.br\/br\/wp-content\/uploads\/2022\/05\/locacao_seladora-257x300.jpg 257w, https:\/\/symbol.ind.br\/br\/wp-content\/uploads\/2022\/05\/locacao_seladora-877x1024.jpg 877w, https:\/\/symbol.ind.br\/br\/wp-content\/uploads\/2022\/05\/locacao_seladora-768x896.jpg 768w\" sizes=\"(max-width: 1076px) 100vw, 1076px\" \/><\/figure><div class=\"elementor-image-box-content\"><p class=\"elementor-image-box-description\">Uma linha completa de seladoras destinadas aos mais diversos segmentos, como supermercados, restaurantes, a\u00e7ougues, latic\u00ednios, frigor\u00edficos e ind\u00fastria eletroeletr\u00f4nica.<\/p><\/div><\/div>\t\t\t\t<\/div>\n\t\t\t\t<\/div>\n\t\t\t\t\t<\/div>\n\t\t<\/div>\n\t\t\t\t<div class=\"elementor-column elementor-col-33 elementor-top-column elementor-element elementor-element-dd88874\" data-id=\"dd88874\" data-element_type=\"column\" data-e-type=\"column\">\n\t\t\t<div class=\"elementor-widget-wrap elementor-element-populated\">\n\t\t\t\t\t\t<div class=\"elementor-element elementor-element-0851257 elementor-position-top elementor-widget elementor-widget-image-box\" data-id=\"0851257\" data-element_type=\"widget\" data-e-type=\"widget\" data-widget_type=\"image-box.default\">\n\t\t\t\t<div class=\"elementor-widget-container\">\n\t\t\t\t\t<div class=\"elementor-image-box-wrapper\"><figure class=\"elementor-image-box-img\"><img decoding=\"async\" width=\"1076\" height=\"1256\" src=\"https:\/\/symbol.ind.br\/br\/wp-content\/uploads\/2022\/05\/locacao_termovacuo.jpg\" class=\"elementor-animation-wobble-vertical attachment-full size-full wp-image-3567\" alt=\"\" srcset=\"https:\/\/symbol.ind.br\/br\/wp-content\/uploads\/2022\/05\/locacao_termovacuo.jpg 1076w, https:\/\/symbol.ind.br\/br\/wp-content\/uploads\/2022\/05\/locacao_termovacuo-257x300.jpg 257w, https:\/\/symbol.ind.br\/br\/wp-content\/uploads\/2022\/05\/locacao_termovacuo-877x1024.jpg 877w, https:\/\/symbol.ind.br\/br\/wp-content\/uploads\/2022\/05\/locacao_termovacuo-768x896.jpg 768w\" sizes=\"(max-width: 1076px) 100vw, 1076px\" \/><\/figure><div class=\"elementor-image-box-content\"><p class=\"elementor-image-box-description\">Projetados e fabricados integralmente pela <b>Symbol<\/b>, os equipamentos para tratamento de \u00f3leo pelo processo de termov\u00e1cuo s\u00e3o aplicados tanto para \u00f3leos isolantes quanto lubrificantes.<\/p><\/div><\/div>\t\t\t\t<\/div>\n\t\t\t\t<\/div>\n\t\t\t\t\t<\/div>\n\t\t<\/div>\n\t\t\t\t\t<\/div>\n\t\t<\/section>\n\t\t\t\t<section class=\"elementor-section elementor-top-section elementor-element elementor-element-4ff53ced elementor-section-boxed elementor-section-height-default elementor-section-height-default\" data-id=\"4ff53ced\" data-element_type=\"section\" data-e-type=\"section\" id=\"#topo\">\n\t\t\t\t\t\t<div class=\"elementor-container elementor-column-gap-default\">\n\t\t\t\t\t<div class=\"elementor-column elementor-col-100 elementor-top-column elementor-element elementor-element-5b15cc6b\" data-id=\"5b15cc6b\" data-element_type=\"column\" data-e-type=\"column\">\n\t\t\t<div class=\"elementor-widget-wrap elementor-element-populated\">\n\t\t\t\t\t\t<div class=\"elementor-element elementor-element-666d51e0 elementor-align-center elementor-widget elementor-widget-button\" data-id=\"666d51e0\" data-element_type=\"widget\" data-e-type=\"widget\" data-widget_type=\"button.default\">\n\t\t\t\t<div class=\"elementor-widget-container\">\n\t\t\t\t\t\t\t\t\t<div class=\"elementor-button-wrapper\">\n\t\t\t\t\t<a class=\"elementor-button elementor-button-link elementor-size-xs\" href=\"#topo\">\n\t\t\t\t\t\t<span class=\"elementor-button-content-wrapper\">\n\t\t\t\t\t\t<span class=\"elementor-button-icon\">\n\t\t\t\t<i aria-hidden=\"true\" class=\"far fa-arrow-alt-circle-up\"><\/i>\t\t\t<\/span>\n\t\t\t\t\t\t\t\t\t<span class=\"elementor-button-text\">Voltar ao topo<\/span>\n\t\t\t\t\t<\/span>\n\t\t\t\t\t<\/a>\n\t\t\t\t<\/div>\n\t\t\t\t\t\t\t\t<\/div>\n\t\t\t\t<\/div>\n\t\t\t\t\t<\/div>\n\t\t<\/div>\n\t\t\t\t\t<\/div>\n\t\t<\/section>\n\t\t\t\t<\/div>\n\t\t","protected":false},"excerpt":{"rendered":"<p>Como fabricante de equipamentos e sistemas de v\u00e1cuo, a Symbol possui um departamento que cuida exclusivamente da loca\u00e7\u00e3o dos seus pr\u00f3prios produtos. Contate o departamento comercial e fale com um consultor especializado, informando sua necessidade, e ganhe agilidade em seu neg\u00f3cio, verificando custos e disponibilidade dos equipamentos para loca\u00e7\u00e3o. Projetadas para as mais diversas aplica\u00e7\u00f5es, [&hellip;]<\/p>\n","protected":false},"author":1,"featured_media":17,"parent":0,"menu_order":0,"comment_status":"closed","ping_status":"closed","template":"elementor_header_footer","meta":{"footnotes":""},"class_list":["post-1138","page","type-page","status-publish","has-post-thumbnail","hentry","entry","has-media"],"_links":{"self":[{"href":"https:\/\/symbol.ind.br\/br\/wp-json\/wp\/v2\/pages\/1138","targetHints":{"allow":["GET"]}}],"collection":[{"href":"https:\/\/symbol.ind.br\/br\/wp-json\/wp\/v2\/pages"}],"about":[{"href":"https:\/\/symbol.ind.br\/br\/wp-json\/wp\/v2\/types\/page"}],"author":[{"embeddable":true,"href":"https:\/\/symbol.ind.br\/br\/wp-json\/wp\/v2\/users\/1"}],"replies":[{"embeddable":true,"href":"https:\/\/symbol.ind.br\/br\/wp-json\/wp\/v2\/comments?post=1138"}],"version-history":[{"count":226,"href":"https:\/\/symbol.ind.br\/br\/wp-json\/wp\/v2\/pages\/1138\/revisions"}],"predecessor-version":[{"id":4141,"href":"https:\/\/symbol.ind.br\/br\/wp-json\/wp\/v2\/pages\/1138\/revisions\/4141"}],"wp:featuredmedia":[{"embeddable":true,"href":"https:\/\/symbol.ind.br\/br\/wp-json\/wp\/v2\/media\/17"}],"wp:attachment":[{"href":"https:\/\/symbol.ind.br\/br\/wp-json\/wp\/v2\/media?parent=1138"}],"curies":[{"name":"wp","href":"https:\/\/api.w.org\/{rel}","templated":true}]}}